{"id":11859,"date":"2024-05-26T14:15:30","date_gmt":"2024-05-26T12:15:30","guid":{"rendered":"https:\/\/www.alperia.eu\/alperia-sybil-hvac\/"},"modified":"2025-05-13T17:21:03","modified_gmt":"2025-05-13T15:21:03","slug":"alperia-sybil-hvac","status":"publish","type":"page","link":"https:\/\/www.alperia.eu\/de\/alperia-sybil-hvac\/","title":{"rendered":"Alperia Sybil HVAC"},"content":{"rendered":"\t\t<div data-elementor-type=\"wp-page\" data-elementor-id=\"11859\" class=\"elementor elementor-11859 elementor-9522\" data-elementor-post-type=\"page\">\n\t\t\t\t<div class=\"elementor-element elementor-element-2094af5 hero-section e-flex e-con-boxed e-con e-parent\" data-id=\"2094af5\" data-element_type=\"container\" data-settings=\"{&quot;background_background&quot;:&quot;classic&quot;}\">\n\t\t\t\t\t<div class=\"e-con-inner\">\n\t\t\t\t<div class=\"elementor-element elementor-element-ece34e9 mask-main-image elementor-widget elementor-widget-image\" data-id=\"ece34e9\" data-element_type=\"widget\" data-widget_type=\"image.default\">\n\t\t\t\t<div class=\"elementor-widget-container\">\n\t\t\t\t\t\t\t\t\t\t\t\t\t\t\t<img fetchpriority=\"high\" decoding=\"async\" width=\"800\" height=\"445\" src=\"https:\/\/www.alperia.eu\/wp-content\/uploads\/2024\/05\/iStoc-1024x570.jpg\" class=\"attachment-large size-large wp-image-10471\" alt=\"alt de\" srcset=\"https:\/\/www.alperia.eu\/wp-content\/uploads\/2024\/05\/iStoc-1024x570.jpg 1024w, https:\/\/www.alperia.eu\/wp-content\/uploads\/2024\/05\/iStoc-300x167.jpg 300w, https:\/\/www.alperia.eu\/wp-content\/uploads\/2024\/05\/iStoc-768x427.jpg 768w, https:\/\/www.alperia.eu\/wp-content\/uploads\/2024\/05\/iStoc-1536x854.jpg 1536w, https:\/\/www.alperia.eu\/wp-content\/uploads\/2024\/05\/iStoc.jpg 1920w\" sizes=\"(max-width: 800px) 100vw, 800px\" \/>\t\t\t\t\t\t\t\t\t\t\t\t\t\t\t<\/div>\n\t\t\t\t<\/div>\n\t\t<div class=\"elementor-element elementor-element-357c07f e-con-full e-flex e-con e-child\" data-id=\"357c07f\" data-element_type=\"container\">\n\t\t<div class=\"elementor-element elementor-element-b9784ec e-flex e-con-boxed e-con e-child\" data-id=\"b9784ec\" data-element_type=\"container\">\n\t\t\t\t\t<div class=\"e-con-inner\">\n\t\t<div class=\"elementor-element elementor-element-b162aa7 e-con-full e-flex e-con e-child\" data-id=\"b162aa7\" data-element_type=\"container\">\n\t\t\t\t<div class=\"elementor-element elementor-element-a2461d5 elementor-widget elementor-widget-heading\" data-id=\"a2461d5\" data-element_type=\"widget\" data-widget_type=\"heading.default\">\n\t\t\t\t<div class=\"elementor-widget-container\">\n\t\t\t\t\t<h1 class=\"elementor-heading-title elementor-size-default\">Alperia Sybil HVAC\n<\/h1>\t\t\t\t<\/div>\n\t\t\t\t<\/div>\n\t\t\t\t<\/div>\n\t\t\t\t\t<\/div>\n\t\t\t\t<\/div>\n\t\t\t\t<div class=\"elementor-element elementor-element-4e9240b elementor-widget elementor-widget-text-editor\" data-id=\"4e9240b\" data-element_type=\"widget\" data-widget_type=\"text-editor.default\">\n\t\t\t\t<div class=\"elementor-widget-container\">\n\t\t\t\t\t\t\t\t\t<div class=\"field__item\"><div data-quickedit-entity-id=\"paragraph\/28856\" class=\"contextual-region paragraph paragraph--type--main-hero paragraph--view-mode--default white-text vh-50 breadcrumb-dark tabs-dark\" data-quickedit-entity-instance-id=\"0\"><div class=\"body-hero\"><div class=\"intermedie-title\"><div data-quickedit-field-id=\"paragraph\/28856\/field_subtitle\/de\/default\" class=\"field field--name-field-subtitle field--type-string field--label-hidden field__item\">Intelligente HVAC: die Zukunft des Komforts<\/div><\/div><\/div><\/div><\/div><div class=\"field__item\"><div class=\"anchor-target\" id=\"anchor-target-28871\"><\/div><div data-quickedit-entity-id=\"paragraph\/28871\" class=\"contextual-region paragraph paragraph--28871 paragraph--type--image-tiles paragraph--view-mode--default hidden-title-shadow\" data-quickedit-entity-instance-id=\"0\"><div class=\"tile-wrapper\"><div class=\"tile  transparent large-tile\"><div class=\"tile-content\"><\/div><\/div><\/div><\/div><\/div>\t\t\t\t\t\t\t\t<\/div>\n\t\t\t\t<\/div>\n\t\t\t\t<\/div>\n\t\t<div class=\"elementor-element elementor-element-105945f e-con-full e-flex e-con e-child\" data-id=\"105945f\" data-element_type=\"container\">\n\t\t<div class=\"elementor-element elementor-element-4e789a2 e-flex e-con-boxed e-con e-child\" data-id=\"4e789a2\" data-element_type=\"container\">\n\t\t\t\t\t<div class=\"e-con-inner\">\n\t\t\t\t<div class=\"elementor-element elementor-element-a143e67 elementor-widget elementor-widget-button\" data-id=\"a143e67\" data-element_type=\"widget\" data-widget_type=\"button.default\">\n\t\t\t\t<div class=\"elementor-widget-container\">\n\t\t\t\t\t\t\t\t\t<div class=\"elementor-button-wrapper\">\n\t\t\t\t\t<a class=\"elementor-button elementor-button-link elementor-size-sm\" href=\"#MODULO\">\n\t\t\t\t\t\t<span class=\"elementor-button-content-wrapper\">\n\t\t\t\t\t\t\t\t\t<span class=\"elementor-button-text\">Kontaktieren Sie uns<\/span>\n\t\t\t\t\t<\/span>\n\t\t\t\t\t<\/a>\n\t\t\t\t<\/div>\n\t\t\t\t\t\t\t\t<\/div>\n\t\t\t\t<\/div>\n\t\t\t\t\t<\/div>\n\t\t\t\t<\/div>\n\t\t\t\t<\/div>\n\t\t\t\t\t<\/div>\n\t\t\t\t<\/div>\n\t\t<div class=\"elementor-element elementor-element-b0a23f2 e-flex e-con-boxed e-con e-parent\" data-id=\"b0a23f2\" data-element_type=\"container\">\n\t\t\t\t\t<div class=\"e-con-inner\">\n\t\t<div class=\"elementor-element elementor-element-ea64f57 e-flex e-con-boxed e-con e-child\" data-id=\"ea64f57\" data-element_type=\"container\">\n\t\t\t\t\t<div class=\"e-con-inner\">\n\t\t\t\t<div class=\"elementor-element elementor-element-2e91fce elementor-widget elementor-widget-heading\" data-id=\"2e91fce\" data-element_type=\"widget\" data-widget_type=\"heading.default\">\n\t\t\t\t<div class=\"elementor-widget-container\">\n\t\t\t\t\t<h2 class=\"elementor-heading-title elementor-size-default\">Wie funktioniert  Alperia Sybil HVAC<\/h2>\t\t\t\t<\/div>\n\t\t\t\t<\/div>\n\t\t\t\t<div class=\"elementor-element elementor-element-e6e8917 elementor-widget elementor-widget-text-editor\" data-id=\"e6e8917\" data-element_type=\"widget\" data-widget_type=\"text-editor.default\">\n\t\t\t\t<div class=\"elementor-widget-container\">\n\t\t\t\t\t\t\t\t\t<p><strong>Alperia Sybil HVAC<\/strong> ist die L\u00f6sung zur Steuerung und Optimierung von HVAC-Anlagen (Heating, Ventilation and Air Conditioning) einsetzbar in Industrieanlagen, Wohngeb\u00e4uden, B\u00fcros, Hotels, Einkaufszentren, Flugh\u00e4fen, Krankenh\u00e4user und vielen weiteren Geb\u00e4udetypen. Ziel ist es, h\u00f6chsten Komfort zu gew\u00e4hrleisten und gleichzeitig deutliche Einsparungen zu erzielen.<\/p><p>Hochmoderne Hardwarekomponenten und patentierte Algorithmen auf Basis k\u00fcnstlicher Intelligenz nutzen vereinen sich in einem einzigen System, das auf die individuellen Anforderungen jedes Kunden zugeschnitten ist. So arbeitet die HVAC-Anlage stets mit maximaler Effizienz \u2013 bei der Erzeugung und Verteilung von Kalt- und Warmmedien.<\/p>\t\t\t\t\t\t\t\t<\/div>\n\t\t\t\t<\/div>\n\t\t<div class=\"elementor-element elementor-element-3c2a983 e-flex e-con-boxed e-con e-child\" data-id=\"3c2a983\" data-element_type=\"container\">\n\t\t\t\t\t<div class=\"e-con-inner\">\n\t\t\t\t<div class=\"elementor-element elementor-element-24be60f elementor-align-left elem-full-btn elementor-widget__width-auto elementor-widget elementor-widget-button\" data-id=\"24be60f\" data-element_type=\"widget\" data-widget_type=\"button.default\">\n\t\t\t\t<div class=\"elementor-widget-container\">\n\t\t\t\t\t\t\t\t\t<div class=\"elementor-button-wrapper\">\n\t\t\t\t\t<a class=\"elementor-button elementor-button-link elementor-size-sm\" href=\"https:\/\/www.alperia.eu\/wp-content\/uploads\/2024\/07\/Brochure-Alperia-Sybil-HVAC_DE.pdf\">\n\t\t\t\t\t\t<span class=\"elementor-button-content-wrapper\">\n\t\t\t\t\t\t\t\t\t<span class=\"elementor-button-text\">BROSCH\u00dcRE HERUNTERLADEN<\/span>\n\t\t\t\t\t<\/span>\n\t\t\t\t\t<\/a>\n\t\t\t\t<\/div>\n\t\t\t\t\t\t\t\t<\/div>\n\t\t\t\t<\/div>\n\t\t\t\t\t<\/div>\n\t\t\t\t<\/div>\n\t\t\t\t<div class=\"elementor-element elementor-element-991e4e8 elementor-widget elementor-widget-image\" data-id=\"991e4e8\" data-element_type=\"widget\" data-widget_type=\"image.default\">\n\t\t\t\t<div class=\"elementor-widget-container\">\n\t\t\t\t\t\t\t\t\t\t\t\t\t\t\t\t<a href=\"https:\/\/www.alperia.eu\/wp-content\/uploads\/2024\/07\/02_1920x1080px_TEDESCO.jpg\" data-elementor-open-lightbox=\"yes\" data-elementor-lightbox-title=\"02_1920x1080px_TEDESCO\" data-e-action-hash=\"#elementor-action%3Aaction%3Dlightbox%26settings%3DeyJpZCI6MTU2MTksInVybCI6Imh0dHBzOlwvXC93d3cuYWxwZXJpYS5ldVwvd3AtY29udGVudFwvdXBsb2Fkc1wvMjAyNFwvMDdcLzAyXzE5MjB4MTA4MHB4X1RFREVTQ08uanBnIn0%3D\">\n\t\t\t\t\t\t\t<img decoding=\"async\" width=\"800\" height=\"450\" src=\"https:\/\/www.alperia.eu\/wp-content\/uploads\/2024\/07\/02_1920x1080px_TEDESCO-1024x576.jpg\" class=\"attachment-large size-large wp-image-15619\" alt=\"\" srcset=\"https:\/\/www.alperia.eu\/wp-content\/uploads\/2024\/07\/02_1920x1080px_TEDESCO-1024x576.jpg 1024w, https:\/\/www.alperia.eu\/wp-content\/uploads\/2024\/07\/02_1920x1080px_TEDESCO-300x169.jpg 300w, https:\/\/www.alperia.eu\/wp-content\/uploads\/2024\/07\/02_1920x1080px_TEDESCO-768x432.jpg 768w, https:\/\/www.alperia.eu\/wp-content\/uploads\/2024\/07\/02_1920x1080px_TEDESCO-1536x864.jpg 1536w, https:\/\/www.alperia.eu\/wp-content\/uploads\/2024\/07\/02_1920x1080px_TEDESCO.jpg 1920w\" sizes=\"(max-width: 800px) 100vw, 800px\" \/>\t\t\t\t\t\t\t\t<\/a>\n\t\t\t\t\t\t\t\t\t\t\t\t\t\t\t<\/div>\n\t\t\t\t<\/div>\n\t\t\t\t\t<\/div>\n\t\t\t\t<\/div>\n\t\t\t\t\t<\/div>\n\t\t\t\t<\/div>\n\t\t<div class=\"elementor-element elementor-element-1c724b1 e-flex e-con-boxed e-con e-parent\" data-id=\"1c724b1\" data-element_type=\"container\">\n\t\t\t\t\t<div class=\"e-con-inner\">\n\t\t<div class=\"elementor-element elementor-element-699a093 e-flex e-con-boxed e-con e-child\" data-id=\"699a093\" data-element_type=\"container\">\n\t\t\t\t\t<div class=\"e-con-inner\">\n\t\t\t\t<div class=\"elementor-element elementor-element-b0f6778 elementor-widget elementor-widget-heading\" data-id=\"b0f6778\" data-element_type=\"widget\" data-widget_type=\"heading.default\">\n\t\t\t\t<div class=\"elementor-widget-container\">\n\t\t\t\t\t<h2 class=\"elementor-heading-title elementor-size-default\">Vorteile<\/h2>\t\t\t\t<\/div>\n\t\t\t\t<\/div>\n\t\t\t\t<div class=\"elementor-element elementor-element-345c06b elementor-widget elementor-widget-text-editor\" data-id=\"345c06b\" data-element_type=\"widget\" data-widget_type=\"text-editor.default\">\n\t\t\t\t<div class=\"elementor-widget-container\">\n\t\t\t\t\t\t\t\t\t<ul><li><strong>Effizient<\/strong>: Reduziert sp\u00fcrbar die Schwankungen aller gesteuerten Variablen der Klimaanlage.<\/li><li><strong>Flexibel<\/strong>: Kann Daten erfassen, indem es sich direkt mit den vorhandenen Ger\u00e4ten \u00fcber verschiedene Protokolle verbindet oder nahtlos mit dem bestehenden BMS (Building Management System) zusammenarbeitet.<\/li><li><strong>Proaktiv<\/strong>: Erm\u00f6glicht proaktive Diagnosen, verhindert Ausf\u00e4lle und Notfalleins\u00e4tze und senkt die Wartungskosten.<\/li><li><strong>Reaktionsschnell<\/strong>: Lernt in Echtzeit das Verhalten der Anlage sowie externe Einfl\u00fcsse und reagiert umgehend, um deren Auswirkungen zu minimieren.<\/li><li><strong>Vorteilhaft<\/strong>: Bietet flexible, schl\u00fcsselfertige\u00a0 kommerzielle L\u00f6sungen, die auf die Bed\u00fcrfnissen aller Kunden zugeschnitten sind.<\/li><\/ul>\t\t\t\t\t\t\t\t<\/div>\n\t\t\t\t<\/div>\n\t\t\t\t\t<\/div>\n\t\t\t\t<\/div>\n\t\t\t\t\t<\/div>\n\t\t\t\t<\/div>\n\t\t<div class=\"elementor-element elementor-element-487af84 e-flex e-con-boxed e-con e-parent\" data-id=\"487af84\" data-element_type=\"container\">\n\t\t\t\t\t<div class=\"e-con-inner\">\n\t\t\t\t<div class=\"elementor-element elementor-element-49b9ca6 elementor-widget elementor-widget-heading\" data-id=\"49b9ca6\" data-element_type=\"widget\" id=\"MODULO\" data-widget_type=\"heading.default\">\n\t\t\t\t<div class=\"elementor-widget-container\">\n\t\t\t\t\t<h2 class=\"elementor-heading-title elementor-size-default\"> \n\n<\/h2>\t\t\t\t<\/div>\n\t\t\t\t<\/div>\n\t\t\t\t\t<\/div>\n\t\t\t\t<\/div>\n\t\t<div class=\"elementor-element elementor-element-3223eb5 e-flex e-con-boxed e-con e-parent\" data-id=\"3223eb5\" data-element_type=\"container\" data-settings=\"{&quot;background_background&quot;:&quot;classic&quot;}\">\n\t\t\t\t\t<div class=\"e-con-inner\">\n\t\t<div class=\"elementor-element elementor-element-6536e74 e-con-full e-flex e-con e-child\" data-id=\"6536e74\" data-element_type=\"container\">\n\t\t\t\t<div class=\"elementor-element elementor-element-14982c8 elementor-widget elementor-widget-heading\" data-id=\"14982c8\" data-element_type=\"widget\" id=\"HVAC\" data-widget_type=\"heading.default\">\n\t\t\t\t<div class=\"elementor-widget-container\">\n\t\t\t\t\t<h3 class=\"elementor-heading-title elementor-size-default\">Hinterlassen Sie Ihre Kontaktdaten \u2013 wir setzen uns zeitnah mit Ihnen in Verbindung<\/h3>\t\t\t\t<\/div>\n\t\t\t\t<\/div>\n\t\t\t\t<div class=\"elementor-element elementor-element-10e59ec outline-form fotovoltaico-form bg-white-form elementor-widget elementor-widget-shortcode\" data-id=\"10e59ec\" data-element_type=\"widget\" data-widget_type=\"shortcode.default\">\n\t\t\t\t<div class=\"elementor-widget-container\">\n\t\t\t\t\t\t\t<div class=\"elementor-shortcode\"><div class=\"wpforms-container wpforms-container-full wpforms-render-modern\" id=\"wpforms-20266\"><form id=\"wpforms-form-20266\" class=\"wpforms-validate wpforms-form wpforms-ajax-form\" data-formid=\"20266\" method=\"post\" enctype=\"multipart\/form-data\" action=\"\/de\/wp-json\/wp\/v2\/pages\/11859\" data-token=\"3b8ccd4c0137ff483390307ad36ef3ae\" data-token-time=\"1778576266\"><noscript class=\"wpforms-error-noscript\">Bitte aktiviere JavaScript in deinem Browser, um dieses Formular fertigzustellen.<\/noscript><div class=\"wpforms-hidden\" id=\"wpforms-error-noscript\">Bitte aktiviere JavaScript in deinem Browser, um dieses Formular fertigzustellen.<\/div><div class=\"wpforms-field-container\"><div id=\"wpforms-20266-field_2-container\" class=\"wpforms-field wpforms-field-layout\" data-field-id=\"2\"><div class=\"wpforms-field-layout-columns wpforms-field-layout-preset-50-50\"><div class=\"wpforms-layout-column wpforms-layout-column-50\" ><div id=\"wpforms-20266-field_3-container\" class=\"wpforms-field wpforms-field-text input-name\" data-field-id=\"3\"><label class=\"wpforms-field-label wpforms-label-hide\" for=\"wpforms-20266-field_3\" aria-hidden=\"false\">Vorname <span class=\"wpforms-required-label\" aria-hidden=\"true\">*<\/span><\/label><input type=\"text\" id=\"wpforms-20266-field_3\" class=\"wpforms-field-medium wpforms-field-required\" name=\"wpforms[fields][3]\" placeholder=\"Vorname*\" data-fido-field=\"first_name\" aria-errormessage=\"wpforms-20266-field_3-error\" required><\/div><\/div><div class=\"wpforms-layout-column wpforms-layout-column-50\" ><div id=\"wpforms-20266-field_4-container\" class=\"wpforms-field wpforms-field-text input-lastname\" data-field-id=\"4\"><label class=\"wpforms-field-label wpforms-label-hide\" for=\"wpforms-20266-field_4\" aria-hidden=\"false\">Nachname <span class=\"wpforms-required-label\" aria-hidden=\"true\">*<\/span><\/label><input type=\"text\" id=\"wpforms-20266-field_4\" class=\"wpforms-field-medium wpforms-field-required\" name=\"wpforms[fields][4]\" placeholder=\"Nachname*\" data-fido-field=\"last_name\" aria-errormessage=\"wpforms-20266-field_4-error\" required><\/div><\/div><\/div><\/div><div id=\"wpforms-20266-field_5-container\" class=\"wpforms-field wpforms-field-layout\" data-field-id=\"5\"><div class=\"wpforms-field-layout-columns wpforms-field-layout-preset-50-50\"><div class=\"wpforms-layout-column wpforms-layout-column-50\" ><div id=\"wpforms-20266-field_6-container\" class=\"wpforms-field wpforms-field-phone input-phone\" data-field-id=\"6\"><label class=\"wpforms-field-label wpforms-label-hide\" for=\"wpforms-20266-field_6\" aria-hidden=\"false\">Telefonnummer <span class=\"wpforms-required-label\" aria-hidden=\"true\">*<\/span><\/label><input type=\"tel\" id=\"wpforms-20266-field_6\" class=\"wpforms-field-medium wpforms-field-required\" data-rule-int-phone-field=\"true\" name=\"wpforms[fields][6]\" placeholder=\"Telefonnummer*\" aria-label=\"Telefonnummer\" data-fido-field=\"phone\" aria-errormessage=\"wpforms-20266-field_6-error\" required><\/div><\/div><div class=\"wpforms-layout-column wpforms-layout-column-50\" ><div id=\"wpforms-20266-field_7-container\" class=\"wpforms-field wpforms-field-email\" data-field-id=\"7\"><label class=\"wpforms-field-label wpforms-label-hide\" for=\"wpforms-20266-field_7\" aria-hidden=\"false\">Email <span class=\"wpforms-required-label\" aria-hidden=\"true\">*<\/span><\/label><input type=\"email\" id=\"wpforms-20266-field_7\" class=\"wpforms-field-medium wpforms-field-required\" name=\"wpforms[fields][7]\" placeholder=\"E-Mail*\" spellcheck=\"false\" aria-errormessage=\"wpforms-20266-field_7-error\" required><\/div><\/div><\/div><\/div><div id=\"wpforms-20266-field_23-container\" class=\"wpforms-field wpforms-field-layout\" data-field-id=\"23\"><div class=\"wpforms-field-layout-columns wpforms-field-layout-preset-50-50\"><div class=\"wpforms-layout-column wpforms-layout-column-50\" ><div id=\"wpforms-20266-field_24-container\" class=\"wpforms-field wpforms-field-text\" data-field-id=\"24\"><label class=\"wpforms-field-label wpforms-label-hide\" for=\"wpforms-20266-field_24\" aria-hidden=\"false\">Unternehmen <span class=\"wpforms-required-label\" aria-hidden=\"true\">*<\/span><\/label><input type=\"text\" id=\"wpforms-20266-field_24\" class=\"wpforms-field-medium wpforms-field-required\" name=\"wpforms[fields][24]\" placeholder=\"Unternehmen*\" aria-errormessage=\"wpforms-20266-field_24-error\" required><\/div><\/div><div class=\"wpforms-layout-column wpforms-layout-column-50\" ><div id=\"wpforms-20266-field_25-container\" class=\"wpforms-field wpforms-field-text\" data-field-id=\"25\"><label class=\"wpforms-field-label wpforms-label-hide\" for=\"wpforms-20266-field_25\" aria-hidden=\"false\">Eingetragener Sitz <span class=\"wpforms-required-label\" aria-hidden=\"true\">*<\/span><\/label><input type=\"text\" id=\"wpforms-20266-field_25\" class=\"wpforms-field-medium wpforms-field-required\" name=\"wpforms[fields][25]\" placeholder=\"Eingetragener Sitz*\" aria-errormessage=\"wpforms-20266-field_25-error\" required><\/div><\/div><\/div><\/div><div id=\"wpforms-20266-field_55-container\" class=\"wpforms-field wpforms-field-checkbox\" data-field-id=\"55\"><fieldset><legend class=\"wpforms-field-label wpforms-label-hide\" aria-hidden=\"false\">Privacy policy <span class=\"wpforms-required-label\" aria-hidden=\"true\">*<\/span><\/legend><ul id=\"wpforms-20266-field_55\" class=\"wpforms-field-required\"><li class=\"choice-1 depth-1\"><input type=\"checkbox\" id=\"wpforms-20266-field_55_1\" name=\"wpforms[fields][55][]\" value=\"Ich habe die &lt;a href=&quot;https:\/\/www.alperia.eu\/de\/privacy-policy\/&quot; target=&quot;_blank&quot;&gt;Informationen \u00fcber die Verarbeitung personenbezogener Daten &lt;\/a&gt; gelesen und verstanden und stimme der Verarbeitung der personenbezogenen Daten zu.  Wir informieren Sie, dass die von Ihnen angegebenen Kontaktdaten von Alperia Smart Services f\u00fcr 5 Kalendertage gespeichert werden, um Sie erneut zu kontaktieren und Ihnen die gew\u00fcnschten Informationen zukommen zu lassen.\" aria-errormessage=\"wpforms-20266-field_55_1-error\" required ><label class=\"wpforms-field-label-inline\" for=\"wpforms-20266-field_55_1\">Ich habe die <a href=\"https:\/\/www.alperia.eu\/de\/privacy-policy\/\" target=\"_blank\">Informationen \u00fcber die Verarbeitung personenbezogener Daten <\/a> gelesen und verstanden und stimme der Verarbeitung der personenbezogenen Daten zu.  Wir informieren Sie, dass die von Ihnen angegebenen Kontaktdaten von Alperia Smart Services f\u00fcr 5 Kalendertage gespeichert werden, um Sie erneut zu kontaktieren und Ihnen die gew\u00fcnschten Informationen zukommen zu lassen.<\/label><\/li><\/ul><\/fieldset><\/div><\/div><!-- .wpforms-field-container --><div class=\"wpforms-recaptcha-container wpforms-is-recaptcha wpforms-is-recaptcha-type-v2\" ><div class=\"g-recaptcha\" data-sitekey=\"6LdDhiAlAAAAAB-nG1unm2Ml0th5UMUhsNRkMr6C\"><\/div><input type=\"text\" name=\"g-recaptcha-hidden\" class=\"wpforms-recaptcha-hidden\" style=\"position:absolute!important;clip:rect(0,0,0,0)!important;height:1px!important;width:1px!important;border:0!important;overflow:hidden!important;padding:0!important;margin:0!important;\" data-rule-recaptcha=\"1\"><\/div><div class=\"wpforms-submit-container\" ><input type=\"hidden\" name=\"wpforms[id]\" value=\"20266\"><input type=\"hidden\" name=\"page_title\" value=\"\"><input type=\"hidden\" name=\"page_url\" value=\"https:\/\/www.alperia.eu\/de\/wp-json\/wp\/v2\/pages\/11859\"><button type=\"submit\" name=\"wpforms[submit]\" id=\"wpforms-submit-20266\" class=\"wpforms-submit\" data-alt-text=\"Senden...\" data-submit-text=\"Anfrage senden\" aria-live=\"assertive\" value=\"wpforms-submit\">Anfrage senden<\/button><img decoding=\"async\" src=\"https:\/\/www.alperia.eu\/wp-content\/plugins\/wpforms\/assets\/images\/submit-spin.svg\" class=\"wpforms-submit-spinner\" style=\"display: none;\" width=\"26\" height=\"26\" alt=\"Wird geladen\"><\/div><\/form><\/div>  <!-- .wpforms-container --><\/div>\n\t\t\t\t\t\t<\/div>\n\t\t\t\t<\/div>\n\t\t\t\t<div class=\"elementor-element elementor-element-55d4baa elementor-widget elementor-widget-text-editor\" data-id=\"55d4baa\" data-element_type=\"widget\" data-widget_type=\"text-editor.default\">\n\t\t\t\t<div class=\"elementor-widget-container\">\n\t\t\t\t\t\t\t\t\t<p>* <span class=\"ui-provider bhi bhj bhk bhl bhm bhn bho bhp bhq bhr bhs bht bhu bhv bhw bhx bhy bhz bia bib bic bid bie bif big bih bii bij bik bil bim bin bio bip biq\" dir=\"ltr\">Pflichtfelder<\/span><\/p>\t\t\t\t\t\t\t\t<\/div>\n\t\t\t\t<\/div>\n\t\t\t\t<\/div>\n\t\t\t\t\t<\/div>\n\t\t\t\t<\/div>\n\t\t\t\t<\/div>\n\t\t","protected":false},"excerpt":{"rendered":"<p>Alperia Sybil HVAC Intelligente HVAC: die Zukunft des Komforts Kontaktieren Sie uns Wie funktioniert Alperia Sybil HVAC Alperia Sybil HVAC ist die L\u00f6sung zur Steuerung und Optimierung von HVAC-Anlagen (Heating, Ventilation and Air Conditioning) einsetzbar in Industrieanlagen, Wohngeb\u00e4uden, B\u00fcros, Hotels, Einkaufszentren, Flugh\u00e4fen, Krankenh\u00e4user und vielen weiteren Geb\u00e4udetypen. Ziel ist es, h\u00f6chsten Komfort zu gew\u00e4hrleisten und [&hellip;]<\/p>\n","protected":false},"author":1,"featured_media":0,"parent":0,"menu_order":0,"comment_status":"closed","ping_status":"closed","template":"","meta":{"_acf_changed":false,"footnotes":""},"class_list":["post-11859","page","type-page","status-publish","hentry"],"acf":[],"_links":{"self":[{"href":"https:\/\/www.alperia.eu\/de\/wp-json\/wp\/v2\/pages\/11859","targetHints":{"allow":["GET"]}}],"collection":[{"href":"https:\/\/www.alperia.eu\/de\/wp-json\/wp\/v2\/pages"}],"about":[{"href":"https:\/\/www.alperia.eu\/de\/wp-json\/wp\/v2\/types\/page"}],"author":[{"embeddable":true,"href":"https:\/\/www.alperia.eu\/de\/wp-json\/wp\/v2\/users\/1"}],"replies":[{"embeddable":true,"href":"https:\/\/www.alperia.eu\/de\/wp-json\/wp\/v2\/comments?post=11859"}],"version-history":[{"count":66,"href":"https:\/\/www.alperia.eu\/de\/wp-json\/wp\/v2\/pages\/11859\/revisions"}],"predecessor-version":[{"id":28367,"href":"https:\/\/www.alperia.eu\/de\/wp-json\/wp\/v2\/pages\/11859\/revisions\/28367"}],"wp:attachment":[{"href":"https:\/\/www.alperia.eu\/de\/wp-json\/wp\/v2\/media?parent=11859"}],"curies":[{"name":"wp","href":"https:\/\/api.w.org\/{rel}","templated":true}]}}