{"id":12482,"date":"2024-05-06T11:39:27","date_gmt":"2024-05-06T09:39:27","guid":{"rendered":"https:\/\/www.alperia.eu\/adesion-online\/"},"modified":"2025-08-20T09:52:59","modified_gmt":"2025-08-20T07:52:59","slug":"adesion-online","status":"publish","type":"page","link":"https:\/\/www.alperia.eu\/de\/online-aktivierung\/","title":{"rendered":"Aktivierung des Angebots"},"content":{"rendered":"<h1>Aktivierung des Angebots<\/h1>\n<p>Halten Sie eine <strong>Stromrechnung<\/strong>, <strong>Ihre Steuernummer<\/strong> und Ihren <strong>IBAN-Code<\/strong> bereit, die Sie f\u00fcr die Aktivierung des Angebots ben\u00f6tigen. Dieses Angebot ist ausschlie\u00dflich Lieferpunkten vorbehalten, welche bereits von einem anderem Energieanbieter versorgt werden.<\/p>\n<p>&nbsp;<\/p>\n<div ucnc-adesione=\"\" contenteditable=\"false\" class=\"ucn-component\" ucn-config=\"eyJzZXR0aW5ncyI6eyJ0b2tlbkFjY2VwdGFuY2VNb2RlIjoiQUxMIiwiaW5jbHVkZWRUb2tlbnMiOm51bGwsImV4Y2x1ZGVkVG9rZW5zIjpudWxsLCJlbWFpbFZhbGlkYXRpb25MYW5kaW5nVXJsIjoiaHR0cHM6Ly9hbHBlcmlhLnN0YWdlLnB1YmxpYy50cmlib28uaXQiLCJjb25maXJtVmlhRW1haWxMYW5kaW5nVXJsIjoiaHR0cHM6Ly9hbHBlcmlhLnN0YWdlLnB1YmxpYy50cmlib28uaXQiLCJyZWRpcmVjdEFmdGVyQ29tcGxldGVXaXRoTWlzc2luZ1ZhbGlkYXRpb24iOiJodHRwczovL2FscGVyaWEuc3RhZ2UucHVibGljLnRyaWJvby5pdCIsInJlZGlyZWN0QWZ0ZXJDb21wbGV0ZVdpdGhDb25maXJtYXRpb25WaWFFbWFpbCI6Imh0dHBzOi8vYWxwZXJpYS5zdGFnZS5wdWJsaWMudHJpYm9vLml0IiwicmVkaXJlY3RBZnRlckNvbXBsZXRlV2l0aENvbmZpcm1hdGlvblZpYUVTaWduYXR1cmUiOiJodHRwczovL2FscGVyaWEuc3RhZ2UucHVibGljLnRyaWJvby5pdCIsInJlZGlyZWN0QWZ0ZXJDb21wbGV0ZSI6Imh0dHBzOi8vYWxwZXJpYS5zdGFnZS5wdWJsaWMudHJpYm9vLml0IiwidG9rZW5Ob3RGb3VuZFJlZGlyZWN0VXJsIjpudWxsLCJwcmV2U3RlcExhYmVsIjpudWxsLCJuZXh0U3RlcExhYmVsIjpudWxsLCJjb21wbGV0ZVN0ZXBMYWJlbCI6bnVsbCwic2F2ZUFuZENvbnRpbnVlTGFiZWwiOm51bGwsInNob3dWYWxpZGF0aW9uQmFubmVyIjpudWxsLCJicmluZ1VzZXJPblRvcCI6ZmFsc2UsImVtYWlsUmVxdWVzdE1lc3NhZ2VGb3JDb250cmFjdFJlY292ZXJ5IjpudWxsLCJlbWFpbFByaXZhY3lNZXNzYWdlIjpudWxsfSwidmlzaWJpbGl0eSI6eyJtb2RlIjowLCJydWxlcyI6W119fQ==\">Adesione contrattuale<\/div>\n<h2>Ben\u00f6tigen Sie weitere Informationen, bevor Sie das Angebot aktivieren?<\/h2>\n<p>&nbsp;<\/p>\n<h4>Rufen Sie uns an<\/h4>\n<p>Aktiver Dienst: Mo-Fr 10-21 und Sa 10-18<\/p>\n<h4>Chat mit einem Operator<\/h4>\n","protected":false},"excerpt":{"rendered":"<p>Aktivierung des Angebots Halten Sie eine Stromrechnung, Ihre Steuernummer und Ihren IBAN-Code bereit, die Sie f\u00fcr die Aktivierung des Angebots ben\u00f6tigen. Dieses Angebot ist ausschlie\u00dflich Lieferpunkten vorbehalten, welche bereits von einem anderem Energieanbieter versorgt werden. &nbsp; Adesione contrattuale Ben\u00f6tigen Sie weitere Informationen, bevor Sie das Angebot aktivieren? &nbsp; Rufen Sie uns an Aktiver Dienst: Mo-Fr [&hellip;]<\/p>\n","protected":false},"author":1,"featured_media":0,"parent":0,"menu_order":0,"comment_status":"closed","ping_status":"closed","template":"template-adesione.php","meta":{"_acf_changed":false,"footnotes":""},"class_list":["post-12482","page","type-page","status-publish","hentry"],"acf":[],"_links":{"self":[{"href":"https:\/\/www.alperia.eu\/de\/wp-json\/wp\/v2\/pages\/12482","targetHints":{"allow":["GET"]}}],"collection":[{"href":"https:\/\/www.alperia.eu\/de\/wp-json\/wp\/v2\/pages"}],"about":[{"href":"https:\/\/www.alperia.eu\/de\/wp-json\/wp\/v2\/types\/page"}],"author":[{"embeddable":true,"href":"https:\/\/www.alperia.eu\/de\/wp-json\/wp\/v2\/users\/1"}],"replies":[{"embeddable":true,"href":"https:\/\/www.alperia.eu\/de\/wp-json\/wp\/v2\/comments?post=12482"}],"version-history":[{"count":6,"href":"https:\/\/www.alperia.eu\/de\/wp-json\/wp\/v2\/pages\/12482\/revisions"}],"predecessor-version":[{"id":33134,"href":"https:\/\/www.alperia.eu\/de\/wp-json\/wp\/v2\/pages\/12482\/revisions\/33134"}],"wp:attachment":[{"href":"https:\/\/www.alperia.eu\/de\/wp-json\/wp\/v2\/media?parent=12482"}],"curies":[{"name":"wp","href":"https:\/\/api.w.org\/{rel}","templated":true}]}}