{"id":52151,"date":"2026-03-31T17:27:04","date_gmt":"2026-03-31T15:27:04","guid":{"rendered":"https:\/\/www.alperia.eu\/?page_id=52151"},"modified":"2026-05-07T15:52:02","modified_gmt":"2026-05-07T13:52:02","slug":"aktivierung-des-angebots","status":"publish","type":"page","link":"https:\/\/www.alperia.eu\/de\/aktivierung-des-angebots\/","title":{"rendered":"Aktivierung des Angebots"},"content":{"rendered":"<h1>Aktivierung des Angebots<\/h1>\n<p>Halten Sie eine <strong>Stromrechnung<\/strong>, <strong>Ihre Steuernummer<\/strong> und Ihren <strong>IBAN-Code<\/strong> bereit, die Sie f\u00fcr die Aktivierung des Angebots ben\u00f6tigen. Dieses Angebot ist ausschlie\u00dflich Lieferpunkten vorbehalten, welche bereits von einem anderem Energieanbieter versorgt werden.<\/p>\n<p>&nbsp;<\/p>\n<h2>Ben\u00f6tigen Sie weitere Informationen, bevor Sie das Angebot aktivieren?<\/h2>\n<p>&nbsp;<\/p>\n<h4>Rufen Sie uns an<\/h4>\n<p>Aktiver Dienst: Mo-Fr 10-21 und Sa 10-18<\/p>\n<h4>Chat mit einem Operator<\/h4>\n","protected":false},"excerpt":{"rendered":"<p>Aktivierung des Angebots Halten Sie eine Stromrechnung, Ihre Steuernummer und Ihren IBAN-Code bereit, die Sie f\u00fcr die Aktivierung des Angebots ben\u00f6tigen. Dieses Angebot ist ausschlie\u00dflich Lieferpunkten vorbehalten, welche bereits von einem anderem Energieanbieter versorgt werden. &nbsp; Ben\u00f6tigen Sie weitere Informationen, bevor Sie das Angebot aktivieren? &nbsp; Rufen Sie uns an Aktiver Dienst: Mo-Fr 10-21 und [&hellip;]<\/p>\n","protected":false},"author":1,"featured_media":0,"parent":0,"menu_order":0,"comment_status":"closed","ping_status":"closed","template":"template-adesione-bundle.php","meta":{"_acf_changed":false,"footnotes":""},"class_list":["post-52151","page","type-page","status-publish","hentry"],"acf":[],"_links":{"self":[{"href":"https:\/\/www.alperia.eu\/de\/wp-json\/wp\/v2\/pages\/52151","targetHints":{"allow":["GET"]}}],"collection":[{"href":"https:\/\/www.alperia.eu\/de\/wp-json\/wp\/v2\/pages"}],"about":[{"href":"https:\/\/www.alperia.eu\/de\/wp-json\/wp\/v2\/types\/page"}],"author":[{"embeddable":true,"href":"https:\/\/www.alperia.eu\/de\/wp-json\/wp\/v2\/users\/1"}],"replies":[{"embeddable":true,"href":"https:\/\/www.alperia.eu\/de\/wp-json\/wp\/v2\/comments?post=52151"}],"version-history":[{"count":2,"href":"https:\/\/www.alperia.eu\/de\/wp-json\/wp\/v2\/pages\/52151\/revisions"}],"predecessor-version":[{"id":52153,"href":"https:\/\/www.alperia.eu\/de\/wp-json\/wp\/v2\/pages\/52151\/revisions\/52153"}],"wp:attachment":[{"href":"https:\/\/www.alperia.eu\/de\/wp-json\/wp\/v2\/media?parent=52151"}],"curies":[{"name":"wp","href":"https:\/\/api.w.org\/{rel}","templated":true}]}}