{"id":5246,"date":"2024-03-04T10:51:56","date_gmt":"2024-03-04T09:51:56","guid":{"rendered":"https:\/\/www.alperia.eu\/smart-communities-zuhause\/"},"modified":"2024-07-26T10:20:49","modified_gmt":"2024-07-26T08:20:49","slug":"energiegemeinschaften-fuer-zuhause","status":"publish","type":"page","link":"https:\/\/www.alperia.eu\/de\/energiegemeinschaften-fuer-zuhause\/","title":{"rendered":"Energiegemeinschaften f\u00fcr Zuhause"},"content":{"rendered":"\t\t<div data-elementor-type=\"wp-page\" data-elementor-id=\"5246\" class=\"elementor elementor-5246 elementor-3168\" data-elementor-post-type=\"page\">\n\t\t\t\t<div class=\"elementor-element elementor-element-d965ac0 e-flex e-con-boxed e-con e-parent\" data-id=\"d965ac0\" data-element_type=\"container\" data-settings=\"{&quot;background_background&quot;:&quot;classic&quot;}\">\n\t\t\t\t\t<div class=\"e-con-inner\">\n\t\t\t\t<div class=\"elementor-element elementor-element-4cb5645 mask-main-image elementor-widget elementor-widget-image\" data-id=\"4cb5645\" data-element_type=\"widget\" data-widget_type=\"image.default\">\n\t\t\t\t<div class=\"elementor-widget-container\">\n\t\t\t\t\t\t\t\t\t\t\t\t\t\t\t<img fetchpriority=\"high\" decoding=\"async\" width=\"800\" height=\"450\" src=\"https:\/\/www.alperia.eu\/wp-content\/uploads\/2024\/03\/smart-communities-condomini-1024x576.jpg\" class=\"attachment-large size-large wp-image-2780\" alt=\"ein Luftbild eines Viertels\" srcset=\"https:\/\/www.alperia.eu\/wp-content\/uploads\/2024\/03\/smart-communities-condomini-1024x576.jpg 1024w, https:\/\/www.alperia.eu\/wp-content\/uploads\/2024\/03\/smart-communities-condomini-300x169.jpg 300w, https:\/\/www.alperia.eu\/wp-content\/uploads\/2024\/03\/smart-communities-condomini-768x432.jpg 768w, https:\/\/www.alperia.eu\/wp-content\/uploads\/2024\/03\/smart-communities-condomini.jpg 1440w\" sizes=\"(max-width: 800px) 100vw, 800px\" \/>\t\t\t\t\t\t\t\t\t\t\t\t\t\t\t<\/div>\n\t\t\t\t<\/div>\n\t\t<div class=\"elementor-element elementor-element-0f64a93 e-con-full e-flex e-con e-child\" data-id=\"0f64a93\" data-element_type=\"container\">\n\t\t<div class=\"elementor-element elementor-element-b799bde e-flex e-con-boxed e-con e-child\" data-id=\"b799bde\" data-element_type=\"container\">\n\t\t\t\t\t<div class=\"e-con-inner\">\n\t\t\t\t<div class=\"elementor-element elementor-element-8b69a66 elementor-widget elementor-widget-heading\" data-id=\"8b69a66\" data-element_type=\"widget\" data-widget_type=\"heading.default\">\n\t\t\t\t<div class=\"elementor-widget-container\">\n\t\t\t\t\t<h1 class=\"elementor-heading-title elementor-size-default\">Smart Communities<\/h1>\t\t\t\t<\/div>\n\t\t\t\t<\/div>\n\t\t\t\t<div class=\"elementor-element elementor-element-dca37bc elementor-widget elementor-widget-text-editor\" data-id=\"dca37bc\" data-element_type=\"widget\" data-widget_type=\"text-editor.default\">\n\t\t\t\t<div class=\"elementor-widget-container\">\n\t\t\t\t\t\t\t\t\t<p>Energiewende: Werden Sie zum Protagonisten<\/p>\t\t\t\t\t\t\t\t<\/div>\n\t\t\t\t<\/div>\n\t\t\t\t\t<\/div>\n\t\t\t\t<\/div>\n\t\t\t\t<\/div>\n\t\t\t\t\t<\/div>\n\t\t\t\t<\/div>\n\t\t<div class=\"elementor-element elementor-element-cc6a0a0 e-flex e-con-boxed e-con e-parent\" data-id=\"cc6a0a0\" data-element_type=\"container\">\n\t\t\t\t\t<div class=\"e-con-inner\">\n\t\t<div class=\"elementor-element elementor-element-085361a e-flex e-con-boxed e-con e-child\" data-id=\"085361a\" data-element_type=\"container\">\n\t\t\t\t\t<div class=\"e-con-inner\">\n\t\t\t\t<div class=\"elementor-element elementor-element-f227da6 elementor-widget elementor-widget-text-editor\" data-id=\"f227da6\" data-element_type=\"widget\" data-widget_type=\"text-editor.default\">\n\t\t\t\t<div class=\"elementor-widget-container\">\n\t\t\t\t\t\t\t\t\t<p>Die <strong>Energiewende<\/strong> ist essenziell und wichtig. Durch die Fokussierung auf <strong>erneuerbare Energiequellen<\/strong> und die Revolutionierung der gesamten Energiekette spielen <strong>Energiegemeinschaften<\/strong> eine Schl\u00fcsselrolle. Diese Gemeinschaften nutzen erneuerbare Ressourcen, um lokale und nachhaltige Energie zu produzieren, die Kosten zu senken und die Energieunabh\u00e4ngigkeit zu verbessern, um so zur Klimaneutralit\u00e4t beizutragen.<\/p><p>\u00a0<\/p><p><strong>Wie funktionieren Smart Communities:<\/strong><\/p><p>In einer Energiegemeinschaft teilen die Mitglieder die erzeugte erneuerbare Energie. Die &#8222;Prosumer&#8220;, also Produzenten (Producer) und Verbraucher (Consumer), k\u00f6nnen Energie \u00fcber das Smart Grid, das intelligente Stromnetz, verbrauchen, speichern oder verkaufen, unterst\u00fctzt durch das Gesetzesdekret Nr. 199\/2021.<\/p><p><strong>Vorteile f\u00fcr private Wohngeb\u00e4ude:<\/strong><\/p><ul><li><strong>Ersparnis bei den Energiekosten:<\/strong> Reduktion der Kosten durch lokale Produktion erneuerbarer Energie.<\/li><li><strong>H\u00f6here Energieunabh\u00e4ngigkeit<\/strong>: Geringere Abh\u00e4ngigkeit von externen Lieferanten.<\/li><li><strong>Umweltfreundlichkeit:<\/strong> Beitrag zur Reduktion der CO<sub>2<\/sub>-Emissionen.<\/li><\/ul><p>Schlie\u00dfen Sie sich den Energy Communities an und nehmen Sie aktiv an der Energiewende teil.<\/p>\t\t\t\t\t\t\t\t<\/div>\n\t\t\t\t<\/div>\n\t\t\t\t\t<\/div>\n\t\t\t\t<\/div>\n\t\t\t\t\t<\/div>\n\t\t\t\t<\/div>\n\t\t\t\t<\/div>\n\t\t","protected":false},"excerpt":{"rendered":"<p>Smart Communities Energiewende: Werden Sie zum Protagonisten Die Energiewende ist essenziell und wichtig. Durch die Fokussierung auf erneuerbare Energiequellen und die Revolutionierung der gesamten Energiekette spielen Energiegemeinschaften eine Schl\u00fcsselrolle. Diese Gemeinschaften nutzen erneuerbare Ressourcen, um lokale und nachhaltige Energie zu produzieren, die Kosten zu senken und die Energieunabh\u00e4ngigkeit zu verbessern, um so zur Klimaneutralit\u00e4t beizutragen. [&hellip;]<\/p>\n","protected":false},"author":1,"featured_media":0,"parent":0,"menu_order":0,"comment_status":"closed","ping_status":"closed","template":"","meta":{"_acf_changed":false,"footnotes":""},"class_list":["post-5246","page","type-page","status-publish","hentry"],"acf":[],"_links":{"self":[{"href":"https:\/\/www.alperia.eu\/de\/wp-json\/wp\/v2\/pages\/5246","targetHints":{"allow":["GET"]}}],"collection":[{"href":"https:\/\/www.alperia.eu\/de\/wp-json\/wp\/v2\/pages"}],"about":[{"href":"https:\/\/www.alperia.eu\/de\/wp-json\/wp\/v2\/types\/page"}],"author":[{"embeddable":true,"href":"https:\/\/www.alperia.eu\/de\/wp-json\/wp\/v2\/users\/1"}],"replies":[{"embeddable":true,"href":"https:\/\/www.alperia.eu\/de\/wp-json\/wp\/v2\/comments?post=5246"}],"version-history":[{"count":11,"href":"https:\/\/www.alperia.eu\/de\/wp-json\/wp\/v2\/pages\/5246\/revisions"}],"predecessor-version":[{"id":16688,"href":"https:\/\/www.alperia.eu\/de\/wp-json\/wp\/v2\/pages\/5246\/revisions\/16688"}],"wp:attachment":[{"href":"https:\/\/www.alperia.eu\/de\/wp-json\/wp\/v2\/media?parent=5246"}],"curies":[{"name":"wp","href":"https:\/\/api.w.org\/{rel}","templated":true}]}}