{"id":6179,"date":"2023-12-19T10:54:07","date_gmt":"2023-12-19T09:54:07","guid":{"rendered":"https:\/\/www.alperia.eu\/green-comunication-kit\/"},"modified":"2025-07-02T10:58:03","modified_gmt":"2025-07-02T08:58:03","slug":"green-comunication-kit","status":"publish","type":"page","link":"https:\/\/www.alperia.eu\/de\/green-comunication-kit\/","title":{"rendered":"Green Communication Kit"},"content":{"rendered":"\t\t<div data-elementor-type=\"wp-page\" data-elementor-id=\"6179\" class=\"elementor elementor-6179 elementor-148\" data-elementor-post-type=\"page\">\n\t\t\t\t<div class=\"elementor-element elementor-element-7574e1f hero-section e-flex e-con-boxed e-con e-parent\" data-id=\"7574e1f\" data-element_type=\"container\" data-settings=\"{&quot;background_background&quot;:&quot;classic&quot;}\">\n\t\t\t\t\t<div class=\"e-con-inner\">\n\t\t\t\t<div class=\"elementor-element elementor-element-6f928dd mask-main-image elementor-widget elementor-widget-image\" data-id=\"6f928dd\" data-element_type=\"widget\" data-widget_type=\"image.default\">\n\t\t\t\t<div class=\"elementor-widget-container\">\n\t\t\t\t\t\t\t\t\t\t\t\t\t\t\t<img fetchpriority=\"high\" decoding=\"async\" width=\"800\" height=\"234\" src=\"https:\/\/www.alperia.eu\/wp-content\/uploads\/2025\/07\/sfondo-002-1024x300.jpg\" class=\"attachment-large size-large wp-image-30376\" alt=\"Logo Green Energy\" srcset=\"https:\/\/www.alperia.eu\/wp-content\/uploads\/2025\/07\/sfondo-002-1024x300.jpg 1024w, https:\/\/www.alperia.eu\/wp-content\/uploads\/2025\/07\/sfondo-002-300x88.jpg 300w, https:\/\/www.alperia.eu\/wp-content\/uploads\/2025\/07\/sfondo-002-768x225.jpg 768w, https:\/\/www.alperia.eu\/wp-content\/uploads\/2025\/07\/sfondo-002-1536x450.jpg 1536w, https:\/\/www.alperia.eu\/wp-content\/uploads\/2025\/07\/sfondo-002.jpg 1920w\" sizes=\"(max-width: 800px) 100vw, 800px\" \/>\t\t\t\t\t\t\t\t\t\t\t\t\t\t\t<\/div>\n\t\t\t\t<\/div>\n\t\t<div class=\"elementor-element elementor-element-bfe70f4 e-con-full e-flex e-con e-child\" data-id=\"bfe70f4\" data-element_type=\"container\">\n\t\t<div class=\"elementor-element elementor-element-adc81ef e-flex e-con-boxed e-con e-child\" data-id=\"adc81ef\" data-element_type=\"container\">\n\t\t\t\t\t<div class=\"e-con-inner\">\n\t\t\t\t<div class=\"elementor-element elementor-element-b09a425 elementor-widget elementor-widget-heading\" data-id=\"b09a425\" data-element_type=\"widget\" data-widget_type=\"heading.default\">\n\t\t\t\t<div class=\"elementor-widget-container\">\n\t\t\t\t\t<h1 class=\"elementor-heading-title elementor-size-default\">Green Communication Kit<\/h1>\t\t\t\t<\/div>\n\t\t\t\t<\/div>\n\t\t\t\t\t<\/div>\n\t\t\t\t<\/div>\n\t\t\t\t<div class=\"elementor-element elementor-element-9d746a3 elementor-widget elementor-widget-text-editor\" data-id=\"9d746a3\" data-element_type=\"widget\" data-widget_type=\"text-editor.default\">\n\t\t\t\t<div class=\"elementor-widget-container\">\n\t\t\t\t\t\t\t\t\t<p>Energie, die Ihre Marke zum Leuchten bringt<\/p>\t\t\t\t\t\t\t\t<\/div>\n\t\t\t\t<\/div>\n\t\t\t\t<\/div>\n\t\t\t\t\t<\/div>\n\t\t\t\t<\/div>\n\t\t<div class=\"elementor-element elementor-element-4f9e0bc e-flex e-con-boxed e-con e-parent\" data-id=\"4f9e0bc\" data-element_type=\"container\" data-settings=\"{&quot;background_background&quot;:&quot;classic&quot;}\">\n\t\t\t\t\t<div class=\"e-con-inner\">\n\t\t<div class=\"elementor-element elementor-element-2cb468d e-con-full e-flex e-con e-child\" data-id=\"2cb468d\" data-element_type=\"container\">\n\t\t\t\t<div class=\"elementor-element elementor-element-d034116 elementor-widget elementor-widget-heading\" data-id=\"d034116\" data-element_type=\"widget\" data-widget_type=\"heading.default\">\n\t\t\t\t<div class=\"elementor-widget-container\">\n\t\t\t\t\t<h2 class=\"elementor-heading-title elementor-size-default\">Erz\u00e4hlen Sie von Ihrem Engagement f\u00fcr eine saubere Energiezukunft<\/h2>\t\t\t\t<\/div>\n\t\t\t\t<\/div>\n\t\t\t\t<div class=\"elementor-element elementor-element-1c264fc elementor-widget elementor-widget-text-editor\" data-id=\"1c264fc\" data-element_type=\"widget\" data-widget_type=\"text-editor.default\">\n\t\t\t\t<div class=\"elementor-widget-container\">\n\t\t\t\t\t\t\t\t\t<p>Zeigen Sie Ihren Kunden und Gesch\u00e4ftspartnern wie sehr Sie sich um eine saubere Energiezukunft bem\u00fchen.\u00a0Dank unseres\u00a0<strong>kostenlosen Kommunikationspakets<\/strong>\u00a0f\u00fcr Gesch\u00e4ftskunden, die sich f\u00fcr unsere saubere Energie entscheiden, erhalten Sie n\u00fctzliche Tools und Tipps, um Ihre Kunden und Partner auf einfache Weise vom umweltbewussten Engagement Ihres Unternehmens in Kenntnis zu setzen.<\/p><p><strong>M\u00f6chten Sie Ihr kostenloses Kommunikationspaket anfordern?<\/strong><\/p><div class=\"container-box\"><div class=\"main-box\"><p class=\"small-text strong\">Kontaktieren Sie Ihren Key Account Manager oder den\u00a0<a href=\"https:\/\/www.alperia.eu\/de\/support\/\">Kundenservice<\/a><\/p><\/div><\/div>\t\t\t\t\t\t\t\t<\/div>\n\t\t\t\t<\/div>\n\t\t\t\t<\/div>\n\t\t<div class=\"elementor-element elementor-element-9ed3a27 e-con-full e-flex e-con e-child\" data-id=\"9ed3a27\" data-element_type=\"container\">\n\t\t\t\t<div class=\"elementor-element elementor-element-094b665 elementor-widget elementor-widget-image\" data-id=\"094b665\" data-element_type=\"widget\" data-widget_type=\"image.default\">\n\t\t\t\t<div class=\"elementor-widget-container\">\n\t\t\t\t\t\t\t\t\t\t\t\t\t\t\t<img decoding=\"async\" width=\"800\" height=\"528\" src=\"https:\/\/www.alperia.eu\/wp-content\/uploads\/2024\/05\/Green-energy-communication-kit-fascia_min-1024x676.png\" class=\"attachment-large size-large wp-image-4798\" alt=\"ein Mann spricht am Telefon mit einem Handy\" srcset=\"https:\/\/www.alperia.eu\/wp-content\/uploads\/2024\/05\/Green-energy-communication-kit-fascia_min-1024x676.png 1024w, https:\/\/www.alperia.eu\/wp-content\/uploads\/2024\/05\/Green-energy-communication-kit-fascia_min-300x198.png 300w, https:\/\/www.alperia.eu\/wp-content\/uploads\/2024\/05\/Green-energy-communication-kit-fascia_min-768x507.png 768w, https:\/\/www.alperia.eu\/wp-content\/uploads\/2024\/05\/Green-energy-communication-kit-fascia_min-1536x1014.png 1536w, https:\/\/www.alperia.eu\/wp-content\/uploads\/2024\/05\/Green-energy-communication-kit-fascia_min-2048x1351.png 2048w\" sizes=\"(max-width: 800px) 100vw, 800px\" \/>\t\t\t\t\t\t\t\t\t\t\t\t\t\t\t<\/div>\n\t\t\t\t<\/div>\n\t\t\t\t<\/div>\n\t\t\t\t\t<\/div>\n\t\t\t\t<\/div>\n\t\t<div class=\"elementor-element elementor-element-e76e74d e-flex e-con-boxed e-con e-parent\" data-id=\"e76e74d\" data-element_type=\"container\" data-settings=\"{&quot;background_background&quot;:&quot;classic&quot;}\">\n\t\t\t\t\t<div class=\"e-con-inner\">\n\t\t<div class=\"elementor-element elementor-element-aa08b6f e-con-full e-flex e-con e-child\" data-id=\"aa08b6f\" data-element_type=\"container\">\n\t\t\t\t<div class=\"elementor-element elementor-element-9a69aba elementor-widget elementor-widget-heading\" data-id=\"9a69aba\" data-element_type=\"widget\" data-widget_type=\"heading.default\">\n\t\t\t\t<div class=\"elementor-widget-container\">\n\t\t\t\t\t<h3 class=\"elementor-heading-title elementor-size-default\">Sie m\u00fcssen an nichts denken<\/h3>\t\t\t\t<\/div>\n\t\t\t\t<\/div>\n\t\t\t\t<div class=\"elementor-element elementor-element-ac9f5ca elementor-widget elementor-widget-heading\" data-id=\"ac9f5ca\" data-element_type=\"widget\" data-widget_type=\"heading.default\">\n\t\t\t\t<div class=\"elementor-widget-container\">\n\t\t\t\t\t<h2 class=\"elementor-heading-title elementor-size-default\">Unsere Experten stehen Ihnen gerne zur Verf\u00fcgung<\/h2>\t\t\t\t<\/div>\n\t\t\t\t<\/div>\n\t\t<div class=\"elementor-element elementor-element-d33e27d image-carousel e-flex e-con-boxed e-con e-child\" data-id=\"d33e27d\" data-element_type=\"container\">\n\t\t\t\t\t<div class=\"e-con-inner\">\n\t\t<div class=\"elementor-element elementor-element-bf4ddc4 e-con-full e-flex e-con e-child\" data-id=\"bf4ddc4\" data-element_type=\"container\">\n\t\t\t\t<div class=\"elementor-element elementor-element-880749c elementor-widget elementor-widget-image\" data-id=\"880749c\" data-element_type=\"widget\" data-widget_type=\"image.default\">\n\t\t\t\t<div class=\"elementor-widget-container\">\n\t\t\t\t\t\t\t\t\t\t\t\t\t\t\t<img decoding=\"async\" width=\"300\" height=\"288\" src=\"https:\/\/www.alperia.eu\/wp-content\/uploads\/2024\/05\/logo-packaging-300x288.png\" class=\"attachment-medium size-medium wp-image-4808\" alt=\"Logo auf Verpackungen\" srcset=\"https:\/\/www.alperia.eu\/wp-content\/uploads\/2024\/05\/logo-packaging-300x288.png 300w, https:\/\/www.alperia.eu\/wp-content\/uploads\/2024\/05\/logo-packaging.png 700w\" sizes=\"(max-width: 300px) 100vw, 300px\" \/>\t\t\t\t\t\t\t\t\t\t\t\t\t\t\t<\/div>\n\t\t\t\t<\/div>\n\t\t\t\t<div class=\"elementor-element elementor-element-29023d4 elementor-widget elementor-widget-heading\" data-id=\"29023d4\" data-element_type=\"widget\" data-widget_type=\"heading.default\">\n\t\t\t\t<div class=\"elementor-widget-container\">\n\t\t\t\t\t<h4 class=\"elementor-heading-title elementor-size-default\">Logo auf Verpackung\n<\/h4>\t\t\t\t<\/div>\n\t\t\t\t<\/div>\n\t\t\t\t<\/div>\n\t\t<div class=\"elementor-element elementor-element-4147fe3 e-con-full e-flex e-con e-child\" data-id=\"4147fe3\" data-element_type=\"container\">\n\t\t\t\t<div class=\"elementor-element elementor-element-8ff8ee3 elementor-widget elementor-widget-image\" data-id=\"8ff8ee3\" data-element_type=\"widget\" data-widget_type=\"image.default\">\n\t\t\t\t<div class=\"elementor-widget-container\">\n\t\t\t\t\t\t\t\t\t\t\t\t\t\t\t<img loading=\"lazy\" decoding=\"async\" width=\"300\" height=\"285\" src=\"https:\/\/www.alperia.eu\/wp-content\/uploads\/2024\/05\/brouchure-300x285.png\" class=\"attachment-medium size-medium wp-image-4806\" alt=\"Logo auf Brosch\u00fcren\" srcset=\"https:\/\/www.alperia.eu\/wp-content\/uploads\/2024\/05\/brouchure-300x285.png 300w, https:\/\/www.alperia.eu\/wp-content\/uploads\/2024\/05\/brouchure.png 700w\" sizes=\"(max-width: 300px) 100vw, 300px\" \/>\t\t\t\t\t\t\t\t\t\t\t\t\t\t\t<\/div>\n\t\t\t\t<\/div>\n\t\t\t\t<div class=\"elementor-element elementor-element-c80d3e0 elementor-widget elementor-widget-heading\" data-id=\"c80d3e0\" data-element_type=\"widget\" data-widget_type=\"heading.default\">\n\t\t\t\t<div class=\"elementor-widget-container\">\n\t\t\t\t\t<h4 class=\"elementor-heading-title elementor-size-default\">Prospekte<\/h4>\t\t\t\t<\/div>\n\t\t\t\t<\/div>\n\t\t\t\t<\/div>\n\t\t<div class=\"elementor-element elementor-element-2e6e3d8 e-con-full e-flex e-con e-child\" data-id=\"2e6e3d8\" data-element_type=\"container\">\n\t\t\t\t<div class=\"elementor-element elementor-element-be5a03f elementor-widget elementor-widget-image\" data-id=\"be5a03f\" data-element_type=\"widget\" data-widget_type=\"image.default\">\n\t\t\t\t<div class=\"elementor-widget-container\">\n\t\t\t\t\t\t\t\t\t\t\t\t\t\t\t<img loading=\"lazy\" decoding=\"async\" width=\"300\" height=\"266\" src=\"https:\/\/www.alperia.eu\/wp-content\/uploads\/2024\/05\/modelli-300x266.png\" class=\"attachment-medium size-medium wp-image-4804\" alt=\"Modelle\" srcset=\"https:\/\/www.alperia.eu\/wp-content\/uploads\/2024\/05\/modelli-300x266.png 300w, https:\/\/www.alperia.eu\/wp-content\/uploads\/2024\/05\/modelli.png 700w\" sizes=\"(max-width: 300px) 100vw, 300px\" \/>\t\t\t\t\t\t\t\t\t\t\t\t\t\t\t<\/div>\n\t\t\t\t<\/div>\n\t\t\t\t<div class=\"elementor-element elementor-element-44024fa elementor-widget elementor-widget-heading\" data-id=\"44024fa\" data-element_type=\"widget\" data-widget_type=\"heading.default\">\n\t\t\t\t<div class=\"elementor-widget-container\">\n\t\t\t\t\t<h4 class=\"elementor-heading-title elementor-size-default\">Formulare<\/h4>\t\t\t\t<\/div>\n\t\t\t\t<\/div>\n\t\t\t\t<\/div>\n\t\t<div class=\"elementor-element elementor-element-e69e072 e-con-full e-flex e-con e-child\" data-id=\"e69e072\" data-element_type=\"container\">\n\t\t\t\t<div class=\"elementor-element elementor-element-467186d elementor-widget elementor-widget-image\" data-id=\"467186d\" data-element_type=\"widget\" data-widget_type=\"image.default\">\n\t\t\t\t<div class=\"elementor-widget-container\">\n\t\t\t\t\t\t\t\t\t\t\t\t\t\t\t<img loading=\"lazy\" decoding=\"async\" width=\"300\" height=\"300\" src=\"https:\/\/www.alperia.eu\/wp-content\/uploads\/2024\/05\/targhetta-1-300x300.png\" class=\"attachment-medium size-medium wp-image-7673\" alt=\"traghetta green energy\" srcset=\"https:\/\/www.alperia.eu\/wp-content\/uploads\/2024\/05\/targhetta-1-300x300.png 300w, https:\/\/www.alperia.eu\/wp-content\/uploads\/2024\/05\/targhetta-1-150x150.png 150w, https:\/\/www.alperia.eu\/wp-content\/uploads\/2024\/05\/targhetta-1.png 500w\" sizes=\"(max-width: 300px) 100vw, 300px\" \/>\t\t\t\t\t\t\t\t\t\t\t\t\t\t\t<\/div>\n\t\t\t\t<\/div>\n\t\t\t\t<div class=\"elementor-element elementor-element-6383878 elementor-widget elementor-widget-heading\" data-id=\"6383878\" data-element_type=\"widget\" data-widget_type=\"heading.default\">\n\t\t\t\t<div class=\"elementor-widget-container\">\n\t\t\t\t\t<h4 class=\"elementor-heading-title elementor-size-default\">Green Energy-Plakette\n<\/h4>\t\t\t\t<\/div>\n\t\t\t\t<\/div>\n\t\t\t\t<\/div>\n\t\t\t\t\t<\/div>\n\t\t\t\t<\/div>\n\t\t\t\t<\/div>\n\t\t\t\t\t<\/div>\n\t\t\t\t<\/div>\n\t\t<div class=\"elementor-element elementor-element-91f8932 e-flex e-con-boxed e-con e-parent\" data-id=\"91f8932\" data-element_type=\"container\" data-settings=\"{&quot;background_background&quot;:&quot;classic&quot;}\">\n\t\t\t\t\t<div class=\"e-con-inner\">\n\t\t<div class=\"elementor-element elementor-element-3e6f511 e-con-full e-flex e-con e-child\" data-id=\"3e6f511\" data-element_type=\"container\">\n\t\t\t\t<div class=\"elementor-element elementor-element-cf8e8ec elementor-widget elementor-widget-image\" data-id=\"cf8e8ec\" data-element_type=\"widget\" data-widget_type=\"image.default\">\n\t\t\t\t<div class=\"elementor-widget-container\">\n\t\t\t\t\t\t\t\t\t\t\t\t\t\t\t<img loading=\"lazy\" decoding=\"async\" width=\"800\" height=\"620\" src=\"https:\/\/www.alperia.eu\/wp-content\/uploads\/2024\/02\/energia-elettrico-dalle-nostre-centrali-1024x794.png\" class=\"attachment-large size-large wp-image-852\" alt=\"ein Kraftwerk, umgeben von B\u00e4umen und Bergen\" srcset=\"https:\/\/www.alperia.eu\/wp-content\/uploads\/2024\/02\/energia-elettrico-dalle-nostre-centrali-1024x794.png 1024w, https:\/\/www.alperia.eu\/wp-content\/uploads\/2024\/02\/energia-elettrico-dalle-nostre-centrali-300x233.png 300w, https:\/\/www.alperia.eu\/wp-content\/uploads\/2024\/02\/energia-elettrico-dalle-nostre-centrali-768x596.png 768w, https:\/\/www.alperia.eu\/wp-content\/uploads\/2024\/02\/energia-elettrico-dalle-nostre-centrali.png 1258w\" sizes=\"(max-width: 800px) 100vw, 800px\" \/>\t\t\t\t\t\t\t\t\t\t\t\t\t\t\t<\/div>\n\t\t\t\t<\/div>\n\t\t\t\t<\/div>\n\t\t<div class=\"elementor-element elementor-element-41c7396 e-con-full e-flex e-con e-child\" data-id=\"41c7396\" data-element_type=\"container\">\n\t\t\t\t<div class=\"elementor-element elementor-element-696cb7c elementor-widget elementor-widget-heading\" data-id=\"696cb7c\" data-element_type=\"widget\" data-widget_type=\"heading.default\">\n\t\t\t\t<div class=\"elementor-widget-container\">\n\t\t\t\t\t<h2 class=\"elementor-heading-title elementor-size-default\">Kommunizieren Sie Ihr nachhaltiges Engagement in sozialen Medien\n<\/h2>\t\t\t\t<\/div>\n\t\t\t\t<\/div>\n\t\t\t\t<div class=\"elementor-element elementor-element-84cdacd elementor-widget elementor-widget-text-editor\" data-id=\"84cdacd\" data-element_type=\"widget\" data-widget_type=\"text-editor.default\">\n\t\t\t\t<div class=\"elementor-widget-container\">\n\t\t\t\t\t\t\t\t\t<div class=\"container-text\"><div class=\"small-text field field--name-field-text-intro field--type-string field--label-hidden field__item\" data-quickedit-field-id=\"paragraph\/2446\/field_text_intro\/de\/default\">Soziale Medien sind ideale Instrumente, um die Nutzung der gr\u00fcnen Energie in Ihrem Unternehmen zu kommunizieren und auf Ihren Beitrag zur nachhaltigen Zukunftsgestaltung aufmerksam zu machen.<\/div><\/div>\t\t\t\t\t\t\t\t<\/div>\n\t\t\t\t<\/div>\n\t\t\t\t<\/div>\n\t\t\t\t\t<\/div>\n\t\t\t\t<\/div>\n\t\t<div class=\"elementor-element elementor-element-855000b e-flex e-con-boxed e-con e-parent\" data-id=\"855000b\" data-element_type=\"container\" data-settings=\"{&quot;background_background&quot;:&quot;classic&quot;}\">\n\t\t\t\t\t<div class=\"e-con-inner\">\n\t\t<div class=\"elementor-element elementor-element-58d330a e-con-full e-flex e-con e-child\" data-id=\"58d330a\" data-element_type=\"container\">\n\t\t\t\t<div class=\"elementor-element elementor-element-499fd12 elementor-widget elementor-widget-heading\" data-id=\"499fd12\" data-element_type=\"widget\" data-widget_type=\"heading.default\">\n\t\t\t\t<div class=\"elementor-widget-container\">\n\t\t\t\t\t<h2 class=\"elementor-heading-title elementor-size-default\">Bildmaterial f\u00fcr Ihre Kommunikation\n<\/h2>\t\t\t\t<\/div>\n\t\t\t\t<\/div>\n\t\t\t\t<div class=\"elementor-element elementor-element-8ebf0f3 elementor-widget elementor-widget-text-editor\" data-id=\"8ebf0f3\" data-element_type=\"widget\" data-widget_type=\"text-editor.default\">\n\t\t\t\t<div class=\"elementor-widget-container\">\n\t\t\t\t\t\t\t\t\t<div class=\"content-info\"><div><div class=\"small-text clearfix text-formatted field field--name-field-body field--type-text-long field--label-hidden field__items\" data-quickedit-field-id=\"paragraph\/1551\/field_body\/de\/default\"><div class=\"field__item\"><p>Mit Bildern k\u00f6nnen Sie Ihre Kommunikation bereichern. Wir stellen Ihnen entsprechendes Bildmaterial zur Verf\u00fcgung, welches Sie in sozialen Medien oder auf Ihrer Webseite nutzen k\u00f6nnen.<\/p><\/div><\/div><\/div><\/div>\t\t\t\t\t\t\t\t<\/div>\n\t\t\t\t<\/div>\n\t\t\t\t<\/div>\n\t\t<div class=\"elementor-element elementor-element-94295ca e-con-full e-flex e-con e-child\" data-id=\"94295ca\" data-element_type=\"container\">\n\t\t\t\t<div class=\"elementor-element elementor-element-d51e0f9 elementor-widget elementor-widget-image\" data-id=\"d51e0f9\" data-element_type=\"widget\" data-widget_type=\"image.default\">\n\t\t\t\t<div class=\"elementor-widget-container\">\n\t\t\t\t\t\t\t\t\t\t\t\t\t\t\t<img loading=\"lazy\" decoding=\"async\" width=\"800\" height=\"534\" src=\"https:\/\/www.alperia.eu\/wp-content\/uploads\/2024\/05\/green-comunication-kit-1-1024x683.jpg\" class=\"attachment-large size-large wp-image-7682\" alt=\"ein Gew\u00e4sser mit B\u00e4umen und Felsen\" srcset=\"https:\/\/www.alperia.eu\/wp-content\/uploads\/2024\/05\/green-comunication-kit-1-1024x683.jpg 1024w, https:\/\/www.alperia.eu\/wp-content\/uploads\/2024\/05\/green-comunication-kit-1-300x200.jpg 300w, https:\/\/www.alperia.eu\/wp-content\/uploads\/2024\/05\/green-comunication-kit-1-768x512.jpg 768w, https:\/\/www.alperia.eu\/wp-content\/uploads\/2024\/05\/green-comunication-kit-1-1536x1024.jpg 1536w, https:\/\/www.alperia.eu\/wp-content\/uploads\/2024\/05\/green-comunication-kit-1.jpg 1920w\" sizes=\"(max-width: 800px) 100vw, 800px\" \/>\t\t\t\t\t\t\t\t\t\t\t\t\t\t\t<\/div>\n\t\t\t\t<\/div>\n\t\t\t\t<\/div>\n\t\t\t\t\t<\/div>\n\t\t\t\t<\/div>\n\t\t\t\t<\/div>\n\t\t","protected":false},"excerpt":{"rendered":"<p>Green Communication Kit Energie, die Ihre Marke zum Leuchten bringt Erz\u00e4hlen Sie von Ihrem Engagement f\u00fcr eine saubere Energiezukunft Zeigen Sie Ihren Kunden und Gesch\u00e4ftspartnern wie sehr Sie sich um eine saubere Energiezukunft bem\u00fchen.\u00a0Dank unseres\u00a0kostenlosen Kommunikationspakets\u00a0f\u00fcr Gesch\u00e4ftskunden, die sich f\u00fcr unsere saubere Energie entscheiden, erhalten Sie n\u00fctzliche Tools und Tipps, um Ihre Kunden und Partner [&hellip;]<\/p>\n","protected":false},"author":1,"featured_media":17244,"parent":0,"menu_order":0,"comment_status":"closed","ping_status":"closed","template":"","meta":{"_acf_changed":false,"footnotes":""},"class_list":["post-6179","page","type-page","status-publish","has-post-thumbnail","hentry"],"acf":[],"_links":{"self":[{"href":"https:\/\/www.alperia.eu\/de\/wp-json\/wp\/v2\/pages\/6179","targetHints":{"allow":["GET"]}}],"collection":[{"href":"https:\/\/www.alperia.eu\/de\/wp-json\/wp\/v2\/pages"}],"about":[{"href":"https:\/\/www.alperia.eu\/de\/wp-json\/wp\/v2\/types\/page"}],"author":[{"embeddable":true,"href":"https:\/\/www.alperia.eu\/de\/wp-json\/wp\/v2\/users\/1"}],"replies":[{"embeddable":true,"href":"https:\/\/www.alperia.eu\/de\/wp-json\/wp\/v2\/comments?post=6179"}],"version-history":[{"count":40,"href":"https:\/\/www.alperia.eu\/de\/wp-json\/wp\/v2\/pages\/6179\/revisions"}],"predecessor-version":[{"id":30380,"href":"https:\/\/www.alperia.eu\/de\/wp-json\/wp\/v2\/pages\/6179\/revisions\/30380"}],"wp:featuredmedia":[{"embeddable":true,"href":"https:\/\/www.alperia.eu\/de\/wp-json\/wp\/v2\/media\/17244"}],"wp:attachment":[{"href":"https:\/\/www.alperia.eu\/de\/wp-json\/wp\/v2\/media?parent=6179"}],"curies":[{"name":"wp","href":"https:\/\/api.w.org\/{rel}","templated":true}]}}