{"id":6451,"date":"2024-03-01T15:43:30","date_gmt":"2024-03-01T14:43:30","guid":{"rendered":"https:\/\/www.alperia.eu\/smart-communities-business\/"},"modified":"2025-07-18T09:19:17","modified_gmt":"2025-07-18T07:19:17","slug":"smart-communities-business","status":"publish","type":"page","link":"https:\/\/www.alperia.eu\/de\/smart-communities-business\/","title":{"rendered":"Energiegemeinschaften f\u00fcr Unternehmen"},"content":{"rendered":"\t\t<div data-elementor-type=\"wp-page\" data-elementor-id=\"6451\" class=\"elementor elementor-6451 elementor-3026\" data-elementor-post-type=\"page\">\n\t\t\t\t<div class=\"elementor-element elementor-element-db8e2e0 e-flex e-con-boxed e-con e-parent\" data-id=\"db8e2e0\" data-element_type=\"container\" data-settings=\"{&quot;background_background&quot;:&quot;classic&quot;}\">\n\t\t\t\t\t<div class=\"e-con-inner\">\n\t\t\t\t<div class=\"elementor-element elementor-element-276168d mask-main-image elementor-widget elementor-widget-image\" data-id=\"276168d\" data-element_type=\"widget\" data-widget_type=\"image.default\">\n\t\t\t\t<div class=\"elementor-widget-container\">\n\t\t\t\t\t\t\t\t\t\t\t\t\t\t\t<img fetchpriority=\"high\" decoding=\"async\" width=\"800\" height=\"450\" src=\"https:\/\/www.alperia.eu\/wp-content\/uploads\/2024\/03\/smart-communities-condomini-1024x576.jpg\" class=\"attachment-large size-large wp-image-2780\" alt=\"ein Luftbild eines Viertels\" srcset=\"https:\/\/www.alperia.eu\/wp-content\/uploads\/2024\/03\/smart-communities-condomini-1024x576.jpg 1024w, https:\/\/www.alperia.eu\/wp-content\/uploads\/2024\/03\/smart-communities-condomini-300x169.jpg 300w, https:\/\/www.alperia.eu\/wp-content\/uploads\/2024\/03\/smart-communities-condomini-768x432.jpg 768w, https:\/\/www.alperia.eu\/wp-content\/uploads\/2024\/03\/smart-communities-condomini.jpg 1440w\" sizes=\"(max-width: 800px) 100vw, 800px\" \/>\t\t\t\t\t\t\t\t\t\t\t\t\t\t\t<\/div>\n\t\t\t\t<\/div>\n\t\t<div class=\"elementor-element elementor-element-78068b0 e-con-full e-flex e-con e-child\" data-id=\"78068b0\" data-element_type=\"container\">\n\t\t<div class=\"elementor-element elementor-element-4b142a2 e-flex e-con-boxed e-con e-child\" data-id=\"4b142a2\" data-element_type=\"container\">\n\t\t\t\t\t<div class=\"e-con-inner\">\n\t\t\t\t<div class=\"elementor-element elementor-element-e7af059 elementor-widget elementor-widget-heading\" data-id=\"e7af059\" data-element_type=\"widget\" data-widget_type=\"heading.default\">\n\t\t\t\t<div class=\"elementor-widget-container\">\n\t\t\t\t\t<h1 class=\"elementor-heading-title elementor-size-default\">Smart Communities f\u00fcr Unternehmen<\/h1>\t\t\t\t<\/div>\n\t\t\t\t<\/div>\n\t\t\t\t<div class=\"elementor-element elementor-element-68d4e24 elementor-widget elementor-widget-text-editor\" data-id=\"68d4e24\" data-element_type=\"widget\" data-widget_type=\"text-editor.default\">\n\t\t\t\t<div class=\"elementor-widget-container\">\n\t\t\t\t\t\t\t\t\t<p>Energiewende: Werden Sie zum Protagonisten in Ihrem Unternehmen<\/p>\t\t\t\t\t\t\t\t<\/div>\n\t\t\t\t<\/div>\n\t\t\t\t\t<\/div>\n\t\t\t\t<\/div>\n\t\t\t\t<\/div>\n\t\t\t\t\t<\/div>\n\t\t\t\t<\/div>\n\t\t<div class=\"elementor-element elementor-element-9394621 e-flex e-con-boxed e-con e-parent\" data-id=\"9394621\" data-element_type=\"container\">\n\t\t\t\t\t<div class=\"e-con-inner\">\n\t\t<div class=\"elementor-element elementor-element-4bc4c6c e-flex e-con-boxed e-con e-child\" data-id=\"4bc4c6c\" data-element_type=\"container\">\n\t\t\t\t\t<div class=\"e-con-inner\">\n\t\t\t\t<div class=\"elementor-element elementor-element-6779dd0 elementor-widget elementor-widget-text-editor\" data-id=\"6779dd0\" data-element_type=\"widget\" data-widget_type=\"text-editor.default\">\n\t\t\t\t<div class=\"elementor-widget-container\">\n\t\t\t\t\t\t\t\t\t<p>Die <strong>Energiewende<\/strong> ist unumg\u00e4nglich und <strong>Energiegemeinschaften<\/strong> werden immer mehr zum Schwerpunkt. Durch die Nutzung <strong>erneuerbarer Energiequellen<\/strong> produzieren diese Gemeinschaften lokale und nachhaltige Energie, senken die Kosten und verbessern die Energieunabh\u00e4ngigkeit, was zur Klimaneutralit\u00e4t beitr\u00e4gt.<\/p><p>Teilen, um zu optimieren &#8211; dies ist das grundlegende Prinzip der Energy Communities. Unternehmen werden zu &#8222;Prosumer&#8220;, also Produzenten (Producer) und Verbraucher (Consumer) zugleich, indem sie erneuerbare Energie nicht nur produzieren, sondern auch \u00fcber das intelligente Netz Smart Grid teilen. Unterst\u00fctzt durch das Gesetzesdekret Nr. 199\/2021 erm\u00f6glichen Energy Communities den Verbrauch, die Speicherung und den Verkauf von Energie, was Unternehmen effizienter und nachhaltiger macht.<\/p><p><strong>Vorteile f\u00fcr Unternehmen:<\/strong><\/p><ul><li><strong>Senkung der Energiekosten:<\/strong> Lokale Produktion nachhaltiger Energie senkt die Energiekosten.<\/li><li><strong>Verbesserung des Unternehmensbildes:<\/strong> Die Teilnahme an einer Energiegemeinschaft zeigt Engagement f\u00fcr Nachhaltigkeit und verbessert das Unternehmensimage.<\/li><li><strong>Energieunabh\u00e4ngigkeit<\/strong>: Geringere Abh\u00e4ngigkeit von externen Energieversorgern sch\u00fctzt das Unternehmen vor Preisschwankungen.<\/li><li><strong>Innovation und Wettbewerbsf\u00e4higkeit:<\/strong> Die Einf\u00fchrung innovativer Technologien im Energiemanagement steigert die Wettbewerbsf\u00e4higkeit am Markt.<\/li><\/ul>\t\t\t\t\t\t\t\t<\/div>\n\t\t\t\t<\/div>\n\t\t\t\t\t<\/div>\n\t\t\t\t<\/div>\n\t\t\t\t\t<\/div>\n\t\t\t\t<\/div>\n\t\t\t\t<\/div>\n\t\t","protected":false},"excerpt":{"rendered":"<p>Smart Communities f\u00fcr Unternehmen Energiewende: Werden Sie zum Protagonisten in Ihrem Unternehmen Die Energiewende ist unumg\u00e4nglich und Energiegemeinschaften werden immer mehr zum Schwerpunkt. Durch die Nutzung erneuerbarer Energiequellen produzieren diese Gemeinschaften lokale und nachhaltige Energie, senken die Kosten und verbessern die Energieunabh\u00e4ngigkeit, was zur Klimaneutralit\u00e4t beitr\u00e4gt. Teilen, um zu optimieren &#8211; dies ist das grundlegende [&hellip;]<\/p>\n","protected":false},"author":1,"featured_media":0,"parent":0,"menu_order":0,"comment_status":"closed","ping_status":"closed","template":"","meta":{"_acf_changed":false,"footnotes":""},"class_list":["post-6451","page","type-page","status-publish","hentry"],"acf":[],"_links":{"self":[{"href":"https:\/\/www.alperia.eu\/de\/wp-json\/wp\/v2\/pages\/6451","targetHints":{"allow":["GET"]}}],"collection":[{"href":"https:\/\/www.alperia.eu\/de\/wp-json\/wp\/v2\/pages"}],"about":[{"href":"https:\/\/www.alperia.eu\/de\/wp-json\/wp\/v2\/types\/page"}],"author":[{"embeddable":true,"href":"https:\/\/www.alperia.eu\/de\/wp-json\/wp\/v2\/users\/1"}],"replies":[{"embeddable":true,"href":"https:\/\/www.alperia.eu\/de\/wp-json\/wp\/v2\/comments?post=6451"}],"version-history":[{"count":21,"href":"https:\/\/www.alperia.eu\/de\/wp-json\/wp\/v2\/pages\/6451\/revisions"}],"predecessor-version":[{"id":31168,"href":"https:\/\/www.alperia.eu\/de\/wp-json\/wp\/v2\/pages\/6451\/revisions\/31168"}],"wp:attachment":[{"href":"https:\/\/www.alperia.eu\/de\/wp-json\/wp\/v2\/media?parent=6451"}],"curies":[{"name":"wp","href":"https:\/\/api.w.org\/{rel}","templated":true}]}}