{"id":6532,"date":"2024-03-01T09:39:51","date_gmt":"2024-03-01T08:39:51","guid":{"rendered":"https:\/\/www.alperia.eu\/alperia-sybil-ct\/"},"modified":"2025-07-18T09:29:39","modified_gmt":"2025-07-18T07:29:39","slug":"alperia-sybil-ct","status":"publish","type":"page","link":"https:\/\/www.alperia.eu\/de\/alperia-sybil-ct\/","title":{"rendered":"Alperia Sybil CT"},"content":{"rendered":"\t\t<div data-elementor-type=\"wp-page\" data-elementor-id=\"6532\" class=\"elementor elementor-6532 elementor-2787\" data-elementor-post-type=\"page\">\n\t\t\t\t<div class=\"elementor-element elementor-element-db8e2e0 e-flex e-con-boxed e-con e-parent\" data-id=\"db8e2e0\" data-element_type=\"container\" data-settings=\"{&quot;background_background&quot;:&quot;classic&quot;}\">\n\t\t\t\t\t<div class=\"e-con-inner\">\n\t\t\t\t<div class=\"elementor-element elementor-element-276168d mask-main-image elementor-widget elementor-widget-image\" data-id=\"276168d\" data-element_type=\"widget\" data-widget_type=\"image.default\">\n\t\t\t\t<div class=\"elementor-widget-container\">\n\t\t\t\t\t\t\t\t\t\t\t\t\t\t\t<img fetchpriority=\"high\" decoding=\"async\" width=\"800\" height=\"247\" src=\"https:\/\/www.alperia.eu\/wp-content\/uploads\/2024\/03\/sybil-ct-1024x316.jpg\" class=\"attachment-large size-large wp-image-2810\" alt=\"eine Frau, die an einer Heizung lehnt\" srcset=\"https:\/\/www.alperia.eu\/wp-content\/uploads\/2024\/03\/sybil-ct-1024x316.jpg 1024w, https:\/\/www.alperia.eu\/wp-content\/uploads\/2024\/03\/sybil-ct-300x93.jpg 300w, https:\/\/www.alperia.eu\/wp-content\/uploads\/2024\/03\/sybil-ct-768x237.jpg 768w, https:\/\/www.alperia.eu\/wp-content\/uploads\/2024\/03\/sybil-ct-1536x474.jpg 1536w, https:\/\/www.alperia.eu\/wp-content\/uploads\/2024\/03\/sybil-ct.jpg 1920w\" sizes=\"(max-width: 800px) 100vw, 800px\" \/>\t\t\t\t\t\t\t\t\t\t\t\t\t\t\t<\/div>\n\t\t\t\t<\/div>\n\t\t<div class=\"elementor-element elementor-element-78068b0 e-con-full e-flex e-con e-child\" data-id=\"78068b0\" data-element_type=\"container\">\n\t\t<div class=\"elementor-element elementor-element-4b142a2 e-flex e-con-boxed e-con e-child\" data-id=\"4b142a2\" data-element_type=\"container\">\n\t\t\t\t\t<div class=\"e-con-inner\">\n\t\t\t\t<div class=\"elementor-element elementor-element-e7af059 elementor-widget elementor-widget-heading\" data-id=\"e7af059\" data-element_type=\"widget\" data-widget_type=\"heading.default\">\n\t\t\t\t<div class=\"elementor-widget-container\">\n\t\t\t\t\t<h1 class=\"elementor-heading-title elementor-size-default\">Alperia Sybil CT<\/h1>\t\t\t\t<\/div>\n\t\t\t\t<\/div>\n\t\t\t\t<div class=\"elementor-element elementor-element-68d4e24 elementor-widget elementor-widget-text-editor\" data-id=\"68d4e24\" data-element_type=\"widget\" data-widget_type=\"text-editor.default\">\n\t\t\t\t<div class=\"elementor-widget-container\">\n\t\t\t\t\t\t\t\t\t<p>Energieeinsparungen f\u00fcr die Heizungsanlage<\/p>\t\t\t\t\t\t\t\t<\/div>\n\t\t\t\t<\/div>\n\t\t\t\t\t<\/div>\n\t\t\t\t<\/div>\n\t\t\t\t<\/div>\n\t\t\t\t\t<\/div>\n\t\t\t\t<\/div>\n\t\t<div class=\"elementor-element elementor-element-9394621 e-flex e-con-boxed e-con e-parent\" data-id=\"9394621\" data-element_type=\"container\">\n\t\t\t\t\t<div class=\"e-con-inner\">\n\t\t<div class=\"elementor-element elementor-element-4bc4c6c e-flex e-con-boxed e-con e-child\" data-id=\"4bc4c6c\" data-element_type=\"container\">\n\t\t\t\t\t<div class=\"e-con-inner\">\n\t\t\t\t<div class=\"elementor-element elementor-element-532251b elementor-widget elementor-widget-heading\" data-id=\"532251b\" data-element_type=\"widget\" data-widget_type=\"heading.default\">\n\t\t\t\t<div class=\"elementor-widget-container\">\n\t\t\t\t\t<h2 class=\"elementor-heading-title elementor-size-default\">Wie funktioniert das System?<\/h2>\t\t\t\t<\/div>\n\t\t\t\t<\/div>\n\t\t\t\t<div class=\"elementor-element elementor-element-6779dd0 elementor-widget elementor-widget-text-editor\" data-id=\"6779dd0\" data-element_type=\"widget\" data-widget_type=\"text-editor.default\">\n\t\t\t\t<div class=\"elementor-widget-container\">\n\t\t\t\t\t\t\t\t\t<p>Alperia Sybil CT ist ein smartes System zur Optimierung von Heizungsanlagen, das die Temperatur kontrolliert und steuert, um Energie zu sparen und den Komfort zu erh\u00f6hen.<\/p><p>Dank Algorithmen der k\u00fcnstlichen Intelligenz ist es in der Lage, die f\u00fcr die W\u00e4rmegewinnung ben\u00f6tigte Temperatur zu senken und die Einschalt- und Ausschaltzeiten der Kessel entsprechend dem tats\u00e4chlichen Bedarf des Geb\u00e4udes zu reduzieren und zu optimieren, so dass sowohl der Verbrauch als auch die CO\u2082-Emissionen einged\u00e4mmt werden.<\/p><p>Alperia Sybil CT kann in Geb\u00e4uden eingesetzt werden, die \u00fcber eine Zentralheizungsanlage verf\u00fcgen, die von einem autonomen W\u00e4rmegenerator versorgt wird oder an das Fernw\u00e4rmenetz angeschlossen ist. Das System kann ohne invasive Eingriffe auch w\u00e4hrend der Heizperiode an in Betrieb befindlichen Anlagen ohne jegliche Unterbrechung des Dienstes installiert werden.<\/p>\t\t\t\t\t\t\t\t<\/div>\n\t\t\t\t<\/div>\n\t\t\t\t\t<\/div>\n\t\t\t\t<\/div>\n\t\t<div class=\"elementor-element elementor-element-0e1a726 e-flex e-con-boxed e-con e-child\" data-id=\"0e1a726\" data-element_type=\"container\">\n\t\t\t\t\t<div class=\"e-con-inner\">\n\t\t\t\t<div class=\"elementor-element elementor-element-fbdfcd5 elementor-widget elementor-widget-heading\" data-id=\"fbdfcd5\" data-element_type=\"widget\" data-widget_type=\"heading.default\">\n\t\t\t\t<div class=\"elementor-widget-container\">\n\t\t\t\t\t<h2 class=\"elementor-heading-title elementor-size-default\">Sybil-Technologie f\u00fcr mehr Komfort und Einsparung<\/h2>\t\t\t\t<\/div>\n\t\t\t\t<\/div>\n\t\t\t\t<div class=\"elementor-element elementor-element-1f9d87d elementor-widget elementor-widget-text-editor\" data-id=\"1f9d87d\" data-element_type=\"widget\" data-widget_type=\"text-editor.default\">\n\t\t\t\t<div class=\"elementor-widget-container\">\n\t\t\t\t\t\t\t\t\t<p>Mit Alperia Sybil CT k\u00f6nnen Sie von Steuerabz\u00fcgen profitieren, die Regelungssysteme der Klasse VIII und an UNI EN 15232 Klasse B betreffen, sofern die Anlage des Kondominiums die vorgesehenen Anforderungen erf\u00fcllt.<\/p><p>Die L\u00f6sung ist mit allen Systemkonfigurationen kompatibel (Kesseln, an das Fernw\u00e4rmenetz angeschlossene Heizungsanlagen, W\u00e4rmepumpen, Hybridanlagen usw.)<\/p>\t\t\t\t\t\t\t\t<\/div>\n\t\t\t\t<\/div>\n\t\t\t\t<div class=\"elementor-element elementor-element-6d1521f elementor-align-left elem-full-btn elementor-widget__width-auto elementor-widget elementor-widget-button\" data-id=\"6d1521f\" data-element_type=\"widget\" data-widget_type=\"button.default\">\n\t\t\t\t<div class=\"elementor-widget-container\">\n\t\t\t\t\t\t\t\t\t<div class=\"elementor-button-wrapper\">\n\t\t\t\t\t<a class=\"elementor-button elementor-button-link elementor-size-sm\" href=\"https:\/\/www.alperia.eu\/de\/alperia-sybil-home-nutzungsbedingungen\/\">\n\t\t\t\t\t\t<span class=\"elementor-button-content-wrapper\">\n\t\t\t\t\t\t\t\t\t<span class=\"elementor-button-text\">Sybil CT nutzungsbedingungen<\/span>\n\t\t\t\t\t<\/span>\n\t\t\t\t\t<\/a>\n\t\t\t\t<\/div>\n\t\t\t\t\t\t\t\t<\/div>\n\t\t\t\t<\/div>\n\t\t\t\t<div class=\"elementor-element elementor-element-d1407b1 elementor-align-left elem-full-btn elementor-widget__width-auto elementor-mobile-align-left elementor-widget elementor-widget-button\" data-id=\"d1407b1\" data-element_type=\"widget\" data-widget_type=\"button.default\">\n\t\t\t\t<div class=\"elementor-widget-container\">\n\t\t\t\t\t\t\t\t\t<div class=\"elementor-button-wrapper\">\n\t\t\t\t\t<a class=\"elementor-button elementor-button-link elementor-size-sm\" href=\"https:\/\/www.alperia.eu\/de\/privacy-policy\/?#privacy-alperia-sybil\">\n\t\t\t\t\t\t<span class=\"elementor-button-content-wrapper\">\n\t\t\t\t\t\t\t\t\t<span class=\"elementor-button-text\">Privacy policy<\/span>\n\t\t\t\t\t<\/span>\n\t\t\t\t\t<\/a>\n\t\t\t\t<\/div>\n\t\t\t\t\t\t\t\t<\/div>\n\t\t\t\t<\/div>\n\t\t\t\t\t<\/div>\n\t\t\t\t<\/div>\n\t\t\t\t\t<\/div>\n\t\t\t\t<\/div>\n\t\t<div class=\"elementor-element elementor-element-859bc1e e-flex e-con-boxed e-con e-parent\" data-id=\"859bc1e\" data-element_type=\"container\" data-settings=\"{&quot;background_background&quot;:&quot;classic&quot;}\">\n\t\t\t\t\t<div class=\"e-con-inner\">\n\t\t<div class=\"elementor-element elementor-element-a8725df e-con-full e-flex e-con e-child\" data-id=\"a8725df\" data-element_type=\"container\">\n\t\t\t\t<div class=\"elementor-element elementor-element-6dd3e88 elementor-widget elementor-widget-heading\" data-id=\"6dd3e88\" data-element_type=\"widget\" data-widget_type=\"heading.default\">\n\t\t\t\t<div class=\"elementor-widget-container\">\n\t\t\t\t\t<h2 class=\"elementor-heading-title elementor-size-default\">Vorteile<\/h2>\t\t\t\t<\/div>\n\t\t\t\t<\/div>\n\t\t\t\t<div class=\"elementor-element elementor-element-c782e75 elementor-icon-list--layout-traditional elementor-list-item-link-full_width elementor-widget elementor-widget-icon-list\" data-id=\"c782e75\" data-element_type=\"widget\" data-widget_type=\"icon-list.default\">\n\t\t\t\t<div class=\"elementor-widget-container\">\n\t\t\t\t\t\t\t<ul class=\"elementor-icon-list-items\">\n\t\t\t\t\t\t\t<li class=\"elementor-icon-list-item\">\n\t\t\t\t\t\t\t\t\t\t\t<span class=\"elementor-icon-list-icon\">\n\t\t\t\t\t\t\t<svg xmlns=\"http:\/\/www.w3.org\/2000\/svg\" xmlns:xlink=\"http:\/\/www.w3.org\/1999\/xlink\" xmlns:serif=\"http:\/\/www.serif.com\/\" width=\"100%\" height=\"100%\" viewBox=\"0 0 13 12\" xml:space=\"preserve\" style=\"fill-rule:evenodd;clip-rule:evenodd;stroke-linejoin:round;stroke-miterlimit:2;\">    <g transform=\"matrix(1,0,0,1,0,0.2857)\">        <g id=\"Symbols\">            <g id=\"rework_1-desktop-card_offerta\" serif:id=\"rework_1\/desktop\/card_offerta\">                <g id=\"Group-25\">                    <g id=\"Group-3\">                        <path id=\"Fill-1\" d=\"M4.884,11L4.899,11C5.076,10.994 5.241,10.909 5.348,10.767L12.847,0.986C13.065,0.745 13.048,0.373 12.808,0.154C12.568,-0.066 12.196,-0.048 11.978,0.193C11.956,0.217 11.936,0.243 11.919,0.27L4.869,9.473L1.08,5.012C0.903,4.739 0.539,4.662 0.267,4.839C-0.005,5.016 -0.082,5.382 0.095,5.654C0.124,5.699 0.159,5.74 0.199,5.775L4.446,10.785C4.554,10.917 4.714,10.995 4.884,11\" style=\"fill:white;\"><\/path>                    <\/g>                <\/g>            <\/g>        <\/g>    <\/g><\/svg>\t\t\t\t\t\t<\/span>\n\t\t\t\t\t\t\t\t\t\t<span class=\"elementor-icon-list-text\">Reduzierung der Energiekosten bei gleichbleibendem Komfort<\/span>\n\t\t\t\t\t\t\t\t\t<\/li>\n\t\t\t\t\t\t\t\t<li class=\"elementor-icon-list-item\">\n\t\t\t\t\t\t\t\t\t\t\t<span class=\"elementor-icon-list-icon\">\n\t\t\t\t\t\t\t<svg xmlns=\"http:\/\/www.w3.org\/2000\/svg\" xmlns:xlink=\"http:\/\/www.w3.org\/1999\/xlink\" xmlns:serif=\"http:\/\/www.serif.com\/\" width=\"100%\" height=\"100%\" viewBox=\"0 0 13 12\" xml:space=\"preserve\" style=\"fill-rule:evenodd;clip-rule:evenodd;stroke-linejoin:round;stroke-miterlimit:2;\">    <g transform=\"matrix(1,0,0,1,0,0.2857)\">        <g id=\"Symbols\">            <g id=\"rework_1-desktop-card_offerta\" serif:id=\"rework_1\/desktop\/card_offerta\">                <g id=\"Group-25\">                    <g id=\"Group-3\">                        <path id=\"Fill-1\" d=\"M4.884,11L4.899,11C5.076,10.994 5.241,10.909 5.348,10.767L12.847,0.986C13.065,0.745 13.048,0.373 12.808,0.154C12.568,-0.066 12.196,-0.048 11.978,0.193C11.956,0.217 11.936,0.243 11.919,0.27L4.869,9.473L1.08,5.012C0.903,4.739 0.539,4.662 0.267,4.839C-0.005,5.016 -0.082,5.382 0.095,5.654C0.124,5.699 0.159,5.74 0.199,5.775L4.446,10.785C4.554,10.917 4.714,10.995 4.884,11\" style=\"fill:white;\"><\/path>                    <\/g>                <\/g>            <\/g>        <\/g>    <\/g><\/svg>\t\t\t\t\t\t<\/span>\n\t\t\t\t\t\t\t\t\t\t<span class=\"elementor-icon-list-text\">Individuelle und autonome Steuerung der eigenen Wohnung<\/span>\n\t\t\t\t\t\t\t\t\t<\/li>\n\t\t\t\t\t\t\t\t<li class=\"elementor-icon-list-item\">\n\t\t\t\t\t\t\t\t\t\t\t<span class=\"elementor-icon-list-icon\">\n\t\t\t\t\t\t\t<svg xmlns=\"http:\/\/www.w3.org\/2000\/svg\" xmlns:xlink=\"http:\/\/www.w3.org\/1999\/xlink\" xmlns:serif=\"http:\/\/www.serif.com\/\" width=\"100%\" height=\"100%\" viewBox=\"0 0 13 12\" xml:space=\"preserve\" style=\"fill-rule:evenodd;clip-rule:evenodd;stroke-linejoin:round;stroke-miterlimit:2;\">    <g transform=\"matrix(1,0,0,1,0,0.2857)\">        <g id=\"Symbols\">            <g id=\"rework_1-desktop-card_offerta\" serif:id=\"rework_1\/desktop\/card_offerta\">                <g id=\"Group-25\">                    <g id=\"Group-3\">                        <path id=\"Fill-1\" d=\"M4.884,11L4.899,11C5.076,10.994 5.241,10.909 5.348,10.767L12.847,0.986C13.065,0.745 13.048,0.373 12.808,0.154C12.568,-0.066 12.196,-0.048 11.978,0.193C11.956,0.217 11.936,0.243 11.919,0.27L4.869,9.473L1.08,5.012C0.903,4.739 0.539,4.662 0.267,4.839C-0.005,5.016 -0.082,5.382 0.095,5.654C0.124,5.699 0.159,5.74 0.199,5.775L4.446,10.785C4.554,10.917 4.714,10.995 4.884,11\" style=\"fill:white;\"><\/path>                    <\/g>                <\/g>            <\/g>        <\/g>    <\/g><\/svg>\t\t\t\t\t\t<\/span>\n\t\t\t\t\t\t\t\t\t\t<span class=\"elementor-icon-list-text\">Intelligente Verwaltung der einzelnen Wohneinheiten<\/span>\n\t\t\t\t\t\t\t\t\t<\/li>\n\t\t\t\t\t\t\t\t<li class=\"elementor-icon-list-item\">\n\t\t\t\t\t\t\t\t\t\t\t<span class=\"elementor-icon-list-icon\">\n\t\t\t\t\t\t\t<svg xmlns=\"http:\/\/www.w3.org\/2000\/svg\" xmlns:xlink=\"http:\/\/www.w3.org\/1999\/xlink\" xmlns:serif=\"http:\/\/www.serif.com\/\" width=\"100%\" height=\"100%\" viewBox=\"0 0 13 12\" xml:space=\"preserve\" style=\"fill-rule:evenodd;clip-rule:evenodd;stroke-linejoin:round;stroke-miterlimit:2;\">    <g transform=\"matrix(1,0,0,1,0,0.2857)\">        <g id=\"Symbols\">            <g id=\"rework_1-desktop-card_offerta\" serif:id=\"rework_1\/desktop\/card_offerta\">                <g id=\"Group-25\">                    <g id=\"Group-3\">                        <path id=\"Fill-1\" d=\"M4.884,11L4.899,11C5.076,10.994 5.241,10.909 5.348,10.767L12.847,0.986C13.065,0.745 13.048,0.373 12.808,0.154C12.568,-0.066 12.196,-0.048 11.978,0.193C11.956,0.217 11.936,0.243 11.919,0.27L4.869,9.473L1.08,5.012C0.903,4.739 0.539,4.662 0.267,4.839C-0.005,5.016 -0.082,5.382 0.095,5.654C0.124,5.699 0.159,5.74 0.199,5.775L4.446,10.785C4.554,10.917 4.714,10.995 4.884,11\" style=\"fill:white;\"><\/path>                    <\/g>                <\/g>            <\/g>        <\/g>    <\/g><\/svg>\t\t\t\t\t\t<\/span>\n\t\t\t\t\t\t\t\t\t\t<span class=\"elementor-icon-list-text\">W\u00f6chentliche Programmierung und Abschaltung der Anlage auch aus der Ferne<\/span>\n\t\t\t\t\t\t\t\t\t<\/li>\n\t\t\t\t\t\t\t\t<li class=\"elementor-icon-list-item\">\n\t\t\t\t\t\t\t\t\t\t\t<span class=\"elementor-icon-list-icon\">\n\t\t\t\t\t\t\t<svg xmlns=\"http:\/\/www.w3.org\/2000\/svg\" xmlns:xlink=\"http:\/\/www.w3.org\/1999\/xlink\" xmlns:serif=\"http:\/\/www.serif.com\/\" width=\"100%\" height=\"100%\" viewBox=\"0 0 13 12\" xml:space=\"preserve\" style=\"fill-rule:evenodd;clip-rule:evenodd;stroke-linejoin:round;stroke-miterlimit:2;\">    <g transform=\"matrix(1,0,0,1,0,0.2857)\">        <g id=\"Symbols\">            <g id=\"rework_1-desktop-card_offerta\" serif:id=\"rework_1\/desktop\/card_offerta\">                <g id=\"Group-25\">                    <g id=\"Group-3\">                        <path id=\"Fill-1\" d=\"M4.884,11L4.899,11C5.076,10.994 5.241,10.909 5.348,10.767L12.847,0.986C13.065,0.745 13.048,0.373 12.808,0.154C12.568,-0.066 12.196,-0.048 11.978,0.193C11.956,0.217 11.936,0.243 11.919,0.27L4.869,9.473L1.08,5.012C0.903,4.739 0.539,4.662 0.267,4.839C-0.005,5.016 -0.082,5.382 0.095,5.654C0.124,5.699 0.159,5.74 0.199,5.775L4.446,10.785C4.554,10.917 4.714,10.995 4.884,11\" style=\"fill:white;\"><\/path>                    <\/g>                <\/g>            <\/g>        <\/g>    <\/g><\/svg>\t\t\t\t\t\t<\/span>\n\t\t\t\t\t\t\t\t\t\t<span class=\"elementor-icon-list-text\">\u00dcberwachung der Raumtemperaturen<\/span>\n\t\t\t\t\t\t\t\t\t<\/li>\n\t\t\t\t\t\t\t\t<li class=\"elementor-icon-list-item\">\n\t\t\t\t\t\t\t\t\t\t\t<span class=\"elementor-icon-list-icon\">\n\t\t\t\t\t\t\t<svg xmlns=\"http:\/\/www.w3.org\/2000\/svg\" xmlns:xlink=\"http:\/\/www.w3.org\/1999\/xlink\" xmlns:serif=\"http:\/\/www.serif.com\/\" width=\"100%\" height=\"100%\" viewBox=\"0 0 13 12\" xml:space=\"preserve\" style=\"fill-rule:evenodd;clip-rule:evenodd;stroke-linejoin:round;stroke-miterlimit:2;\">    <g transform=\"matrix(1,0,0,1,0,0.2857)\">        <g id=\"Symbols\">            <g id=\"rework_1-desktop-card_offerta\" serif:id=\"rework_1\/desktop\/card_offerta\">                <g id=\"Group-25\">                    <g id=\"Group-3\">                        <path id=\"Fill-1\" d=\"M4.884,11L4.899,11C5.076,10.994 5.241,10.909 5.348,10.767L12.847,0.986C13.065,0.745 13.048,0.373 12.808,0.154C12.568,-0.066 12.196,-0.048 11.978,0.193C11.956,0.217 11.936,0.243 11.919,0.27L4.869,9.473L1.08,5.012C0.903,4.739 0.539,4.662 0.267,4.839C-0.005,5.016 -0.082,5.382 0.095,5.654C0.124,5.699 0.159,5.74 0.199,5.775L4.446,10.785C4.554,10.917 4.714,10.995 4.884,11\" style=\"fill:white;\"><\/path>                    <\/g>                <\/g>            <\/g>        <\/g>    <\/g><\/svg>\t\t\t\t\t\t<\/span>\n\t\t\t\t\t\t\t\t\t\t<span class=\"elementor-icon-list-text\">Fernsteuerung der Heizungsanlage<\/span>\n\t\t\t\t\t\t\t\t\t<\/li>\n\t\t\t\t\t\t\t\t<li class=\"elementor-icon-list-item\">\n\t\t\t\t\t\t\t\t\t\t\t<span class=\"elementor-icon-list-icon\">\n\t\t\t\t\t\t\t<svg xmlns=\"http:\/\/www.w3.org\/2000\/svg\" xmlns:xlink=\"http:\/\/www.w3.org\/1999\/xlink\" xmlns:serif=\"http:\/\/www.serif.com\/\" width=\"100%\" height=\"100%\" viewBox=\"0 0 13 12\" xml:space=\"preserve\" style=\"fill-rule:evenodd;clip-rule:evenodd;stroke-linejoin:round;stroke-miterlimit:2;\">    <g transform=\"matrix(1,0,0,1,0,0.2857)\">        <g id=\"Symbols\">            <g id=\"rework_1-desktop-card_offerta\" serif:id=\"rework_1\/desktop\/card_offerta\">                <g id=\"Group-25\">                    <g id=\"Group-3\">                        <path id=\"Fill-1\" d=\"M4.884,11L4.899,11C5.076,10.994 5.241,10.909 5.348,10.767L12.847,0.986C13.065,0.745 13.048,0.373 12.808,0.154C12.568,-0.066 12.196,-0.048 11.978,0.193C11.956,0.217 11.936,0.243 11.919,0.27L4.869,9.473L1.08,5.012C0.903,4.739 0.539,4.662 0.267,4.839C-0.005,5.016 -0.082,5.382 0.095,5.654C0.124,5.699 0.159,5.74 0.199,5.775L4.446,10.785C4.554,10.917 4.714,10.995 4.884,11\" style=\"fill:white;\"><\/path>                    <\/g>                <\/g>            <\/g>        <\/g>    <\/g><\/svg>\t\t\t\t\t\t<\/span>\n\t\t\t\t\t\t\t\t\t\t<span class=\"elementor-icon-list-text\">\u00dcberwachung des Energieverbrauchs<\/span>\n\t\t\t\t\t\t\t\t\t<\/li>\n\t\t\t\t\t\t<\/ul>\n\t\t\t\t\t\t<\/div>\n\t\t\t\t<\/div>\n\t\t\t\t<div class=\"elementor-element elementor-element-7c4ef37 elementor-widget elementor-widget-text-editor\" data-id=\"7c4ef37\" data-element_type=\"widget\" data-widget_type=\"text-editor.default\">\n\t\t\t\t<div class=\"elementor-widget-container\">\n\t\t\t\t\t\t\t\t\t<p><strong>Fordern Sie Alperia Sybil CT bei Ihrem Kondominiumsverwalter oder Anlagenbetreiber an.<\/strong><\/p>\n\t\t\t\t\t\t\t\t<\/div>\n\t\t\t\t<\/div>\n\t\t\t\t<\/div>\n\t\t<div class=\"elementor-element elementor-element-ae3454c e-con-full e-flex e-con e-child\" data-id=\"ae3454c\" data-element_type=\"container\">\n\t\t\t\t<div class=\"elementor-element elementor-element-f3ab65d mobile-mask elementor-widget elementor-widget-image\" data-id=\"f3ab65d\" data-element_type=\"widget\" data-widget_type=\"image.default\">\n\t\t\t\t<div class=\"elementor-widget-container\">\n\t\t\t\t\t\t\t\t\t\t\t\t\t\t\t<img decoding=\"async\" width=\"800\" height=\"534\" src=\"https:\/\/www.alperia.eu\/wp-content\/uploads\/2024\/02\/luca-gas-business-1024x683.jpg\" class=\"attachment-large size-large wp-image-2581\" alt=\"Menschen sitzen an einem Tisch mit Papieren und Computern\" srcset=\"https:\/\/www.alperia.eu\/wp-content\/uploads\/2024\/02\/luca-gas-business-1024x683.jpg 1024w, https:\/\/www.alperia.eu\/wp-content\/uploads\/2024\/02\/luca-gas-business-300x200.jpg 300w, https:\/\/www.alperia.eu\/wp-content\/uploads\/2024\/02\/luca-gas-business-768x512.jpg 768w, https:\/\/www.alperia.eu\/wp-content\/uploads\/2024\/02\/luca-gas-business.jpg 1032w\" sizes=\"(max-width: 800px) 100vw, 800px\" \/>\t\t\t\t\t\t\t\t\t\t\t\t\t\t\t<\/div>\n\t\t\t\t<\/div>\n\t\t\t\t<\/div>\n\t\t\t\t\t<\/div>\n\t\t\t\t<\/div>\n\t\t<div class=\"elementor-element elementor-element-fa52351 e-flex e-con-boxed e-con e-parent\" data-id=\"fa52351\" data-element_type=\"container\">\n\t\t\t\t\t<div class=\"e-con-inner\">\n\t\t\t\t\t<\/div>\n\t\t\t\t<\/div>\n\t\t\t\t<\/div>\n\t\t","protected":false},"excerpt":{"rendered":"<p>Alperia Sybil CT Energieeinsparungen f\u00fcr die Heizungsanlage Wie funktioniert das System? Alperia Sybil CT ist ein smartes System zur Optimierung von Heizungsanlagen, das die Temperatur kontrolliert und steuert, um Energie zu sparen und den Komfort zu erh\u00f6hen. Dank Algorithmen der k\u00fcnstlichen Intelligenz ist es in der Lage, die f\u00fcr die W\u00e4rmegewinnung ben\u00f6tigte Temperatur zu senken [&hellip;]<\/p>\n","protected":false},"author":1,"featured_media":0,"parent":0,"menu_order":0,"comment_status":"closed","ping_status":"closed","template":"","meta":{"_acf_changed":false,"footnotes":""},"class_list":["post-6532","page","type-page","status-publish","hentry"],"acf":[],"_links":{"self":[{"href":"https:\/\/www.alperia.eu\/de\/wp-json\/wp\/v2\/pages\/6532","targetHints":{"allow":["GET"]}}],"collection":[{"href":"https:\/\/www.alperia.eu\/de\/wp-json\/wp\/v2\/pages"}],"about":[{"href":"https:\/\/www.alperia.eu\/de\/wp-json\/wp\/v2\/types\/page"}],"author":[{"embeddable":true,"href":"https:\/\/www.alperia.eu\/de\/wp-json\/wp\/v2\/users\/1"}],"replies":[{"embeddable":true,"href":"https:\/\/www.alperia.eu\/de\/wp-json\/wp\/v2\/comments?post=6532"}],"version-history":[{"count":42,"href":"https:\/\/www.alperia.eu\/de\/wp-json\/wp\/v2\/pages\/6532\/revisions"}],"predecessor-version":[{"id":31172,"href":"https:\/\/www.alperia.eu\/de\/wp-json\/wp\/v2\/pages\/6532\/revisions\/31172"}],"wp:attachment":[{"href":"https:\/\/www.alperia.eu\/de\/wp-json\/wp\/v2\/media?parent=6532"}],"curies":[{"name":"wp","href":"https:\/\/api.w.org\/{rel}","templated":true}]}}