{"id":6767,"date":"2024-05-13T09:32:11","date_gmt":"2024-05-13T07:32:11","guid":{"rendered":"https:\/\/www.alperia.eu\/servizi\/"},"modified":"2025-11-12T09:33:29","modified_gmt":"2025-11-12T08:33:29","slug":"dienstleistungen","status":"publish","type":"page","link":"https:\/\/www.alperia.eu\/de\/dienstleistungen\/","title":{"rendered":"Dienstleistungen"},"content":{"rendered":"\t\t<div data-elementor-type=\"wp-page\" data-elementor-id=\"6767\" class=\"elementor elementor-6767 elementor-5136\" data-elementor-post-type=\"page\">\n\t\t\t\t<div class=\"elementor-element elementor-element-49eb912 hero-section e-flex e-con-boxed e-con e-parent\" data-id=\"49eb912\" data-element_type=\"container\" data-settings=\"{&quot;background_background&quot;:&quot;classic&quot;}\">\n\t\t\t\t\t<div class=\"e-con-inner\">\n\t\t\t\t<div class=\"elementor-element elementor-element-606c94c mask-main-image elementor-widget elementor-widget-image\" data-id=\"606c94c\" data-element_type=\"widget\" data-widget_type=\"image.default\">\n\t\t\t\t<div class=\"elementor-widget-container\">\n\t\t\t\t\t\t\t\t\t\t\t\t\t\t\t<img fetchpriority=\"high\" decoding=\"async\" width=\"800\" height=\"800\" src=\"https:\/\/www.alperia.eu\/wp-content\/uploads\/2024\/05\/affidabilita-juventus-1024x1024.jpg\" class=\"attachment-large size-large wp-image-9461\" alt=\"Blick auf ein Geb\u00e4ude mit Glasw\u00e4nden\" srcset=\"https:\/\/www.alperia.eu\/wp-content\/uploads\/2024\/05\/affidabilita-juventus-1024x1024.jpg 1024w, https:\/\/www.alperia.eu\/wp-content\/uploads\/2024\/05\/affidabilita-juventus-300x300.jpg 300w, https:\/\/www.alperia.eu\/wp-content\/uploads\/2024\/05\/affidabilita-juventus-150x150.jpg 150w, https:\/\/www.alperia.eu\/wp-content\/uploads\/2024\/05\/affidabilita-juventus-768x768.jpg 768w, https:\/\/www.alperia.eu\/wp-content\/uploads\/2024\/05\/affidabilita-juventus.jpg 1280w\" sizes=\"(max-width: 800px) 100vw, 800px\" \/>\t\t\t\t\t\t\t\t\t\t\t\t\t\t\t<\/div>\n\t\t\t\t<\/div>\n\t\t<div class=\"elementor-element elementor-element-051a725 e-con-full e-flex e-con e-child\" data-id=\"051a725\" data-element_type=\"container\">\n\t\t<div class=\"elementor-element elementor-element-491c985 e-flex e-con-boxed e-con e-child\" data-id=\"491c985\" data-element_type=\"container\">\n\t\t\t\t\t<div class=\"e-con-inner\">\n\t\t\t\t<div class=\"elementor-element elementor-element-7c3fa0c elementor-widget__width-initial elementor-widget elementor-widget-heading\" data-id=\"7c3fa0c\" data-element_type=\"widget\" data-widget_type=\"heading.default\">\n\t\t\t\t<div class=\"elementor-widget-container\">\n\t\t\t\t\t<h1 class=\"elementor-heading-title elementor-size-default\">Energie f\u00fcr <br> die \u00f6ffentliche Verwaltung<\/h1>\t\t\t\t<\/div>\n\t\t\t\t<\/div>\n\t\t\t\t<div class=\"elementor-element elementor-element-396ec62 elementor-widget__width-inherit elementor-widget elementor-widget-text-editor\" data-id=\"396ec62\" data-element_type=\"widget\" data-widget_type=\"text-editor.default\">\n\t\t\t\t<div class=\"elementor-widget-container\">\n\t\t\t\t\t\t\t\t\tWir unterst\u00fctzten die \u00f6ffentliche Verwaltung dabei, ihre Ziele betreffend Energieeffizienz und \u00f6kologische Nachhaltigkeit zu erreichen.\n<br><br>\t\t\t\t\t\t\t\t<\/div>\n\t\t\t\t<\/div>\n\t\t\t\t\t<\/div>\n\t\t\t\t<\/div>\n\t\t\t\t<\/div>\n\t\t\t\t\t<\/div>\n\t\t\t\t<\/div>\n\t\t<div class=\"elementor-element elementor-element-91f3edf e-flex e-con-boxed e-con e-parent\" data-id=\"91f3edf\" data-element_type=\"container\">\n\t\t\t\t\t<div class=\"e-con-inner\">\n\t\t\t\t<div class=\"elementor-element elementor-element-b19e36c elementor-widget elementor-widget-heading\" data-id=\"b19e36c\" data-element_type=\"widget\" data-widget_type=\"heading.default\">\n\t\t\t\t<div class=\"elementor-widget-container\">\n\t\t\t\t\t<h2 class=\"elementor-heading-title elementor-size-default\">Die Energiezukunft der \u00f6ffentlichen Verwaltung<\/h2>\t\t\t\t<\/div>\n\t\t\t\t<\/div>\n\t\t\t\t\t<\/div>\n\t\t\t\t<\/div>\n\t\t<div class=\"elementor-element elementor-element-03c0e4c e-flex e-con-boxed e-con e-parent\" data-id=\"03c0e4c\" data-element_type=\"container\" data-settings=\"{&quot;background_background&quot;:&quot;classic&quot;}\">\n\t\t\t\t\t<div class=\"e-con-inner\">\n\t\t<div class=\"elementor-element elementor-element-e6cba79 e-con-full e-flex e-con e-child\" data-id=\"e6cba79\" data-element_type=\"container\">\n\t\t\t\t<div class=\"elementor-element elementor-element-894858d elementor-widget elementor-widget-heading\" data-id=\"894858d\" data-element_type=\"widget\" data-widget_type=\"heading.default\">\n\t\t\t\t<div class=\"elementor-widget-container\">\n\t\t\t\t\t<h2 class=\"elementor-heading-title elementor-size-default\">Ma\u00dfgeschneiderte Dienstleistungen f\u00fcr die \u00f6ffentliche Verwaltung<\/h2>\t\t\t\t<\/div>\n\t\t\t\t<\/div>\n\t\t\t\t<div class=\"elementor-element elementor-element-67f1221 elementor-widget elementor-widget-text-editor\" data-id=\"67f1221\" data-element_type=\"widget\" data-widget_type=\"text-editor.default\">\n\t\t\t\t<div class=\"elementor-widget-container\">\n\t\t\t\t\t\t\t\t\t<p>Wir bieten ein breites Spektrum an Dienstleistungen, die speziell auf die Bed\u00fcrfnisse der \u00f6ffentlichen Verwaltungen zugeschnitten sind. \u00dcber das eigens daf\u00fcr vorgesehene Portal erhalten die Beh\u00f6rden direkten Zugang zu ma\u00dfgeschneiderten Werkzeugen und Ressourcen, um ihre Energieversorgung effektiv zu verwalten, mit Mehrfachzugriff und Mehrpunktkonten zur eigenst\u00e4ndigen Verwaltung einzelner oder mehrerer Lieferstellen.<\/p>\t\t\t\t\t\t\t\t<\/div>\n\t\t\t\t<\/div>\n\t\t\t\t<\/div>\n\t\t<div class=\"elementor-element elementor-element-b0a9f3e e-con-full e-flex e-con e-child\" data-id=\"b0a9f3e\" data-element_type=\"container\">\n\t\t\t\t<div class=\"elementor-element elementor-element-64886b7 elementor-widget elementor-widget-image\" data-id=\"64886b7\" data-element_type=\"widget\" data-widget_type=\"image.default\">\n\t\t\t\t<div class=\"elementor-widget-container\">\n\t\t\t\t\t\t\t\t\t\t\t\t\t\t\t<img decoding=\"async\" width=\"800\" height=\"534\" src=\"https:\/\/www.alperia.eu\/wp-content\/uploads\/2024\/05\/servizi-personalizzati-1024x683.jpg\" class=\"attachment-large size-large wp-image-5139\" alt=\"Palazzo Lombardia in Mailand\" srcset=\"https:\/\/www.alperia.eu\/wp-content\/uploads\/2024\/05\/servizi-personalizzati-1024x683.jpg 1024w, https:\/\/www.alperia.eu\/wp-content\/uploads\/2024\/05\/servizi-personalizzati-300x200.jpg 300w, https:\/\/www.alperia.eu\/wp-content\/uploads\/2024\/05\/servizi-personalizzati-768x512.jpg 768w, https:\/\/www.alperia.eu\/wp-content\/uploads\/2024\/05\/servizi-personalizzati.jpg 1200w\" sizes=\"(max-width: 800px) 100vw, 800px\" \/>\t\t\t\t\t\t\t\t\t\t\t\t\t\t\t<\/div>\n\t\t\t\t<\/div>\n\t\t\t\t<\/div>\n\t\t\t\t\t<\/div>\n\t\t\t\t<\/div>\n\t\t<div class=\"elementor-element elementor-element-dc2779e e-flex e-con-boxed e-con e-parent\" data-id=\"dc2779e\" data-element_type=\"container\" data-settings=\"{&quot;background_background&quot;:&quot;classic&quot;}\">\n\t\t\t\t\t<div class=\"e-con-inner\">\n\t\t<div class=\"elementor-element elementor-element-4b7e383 e-con-full e-flex e-con e-child\" data-id=\"4b7e383\" data-element_type=\"container\">\n\t\t\t\t<div class=\"elementor-element elementor-element-744573c elementor-widget elementor-widget-image\" data-id=\"744573c\" data-element_type=\"widget\" data-widget_type=\"image.default\">\n\t\t\t\t<div class=\"elementor-widget-container\">\n\t\t\t\t\t\t\t\t\t\t\t\t\t\t\t<img decoding=\"async\" width=\"724\" height=\"483\" src=\"https:\/\/www.alperia.eu\/wp-content\/uploads\/2024\/05\/GettyImages-1777591892.jpg\" class=\"attachment-large size-large wp-image-10027\" alt=\"eine Frau, die auf einen Computerbildschirm schaut\" srcset=\"https:\/\/www.alperia.eu\/wp-content\/uploads\/2024\/05\/GettyImages-1777591892.jpg 724w, https:\/\/www.alperia.eu\/wp-content\/uploads\/2024\/05\/GettyImages-1777591892-300x200.jpg 300w\" sizes=\"(max-width: 724px) 100vw, 724px\" \/>\t\t\t\t\t\t\t\t\t\t\t\t\t\t\t<\/div>\n\t\t\t\t<\/div>\n\t\t\t\t<\/div>\n\t\t<div class=\"elementor-element elementor-element-83861d7 e-con-full e-flex e-con e-child\" data-id=\"83861d7\" data-element_type=\"container\">\n\t\t\t\t<div class=\"elementor-element elementor-element-0f72f9f elementor-widget elementor-widget-heading\" data-id=\"0f72f9f\" data-element_type=\"widget\" data-widget_type=\"heading.default\">\n\t\t\t\t<div class=\"elementor-widget-container\">\n\t\t\t\t\t<h2 class=\"elementor-heading-title elementor-size-default\">Spezialisierter Support<\/h2>\t\t\t\t<\/div>\n\t\t\t\t<\/div>\n\t\t\t\t<div class=\"elementor-element elementor-element-43931ba elementor-widget elementor-widget-text-editor\" data-id=\"43931ba\" data-element_type=\"widget\" data-widget_type=\"text-editor.default\">\n\t\t\t\t<div class=\"elementor-widget-container\">\n\t\t\t\t\t\t\t\t\t<p>Unser Expertenteam, spezialisiert auf \u00f6ffentliche Verwaltung, steht\u00a0 jederzeit zur Verf\u00fcgung, um individuelle Unterst\u00fctzung und professionelle Beratung zu bieten.<\/p>\t\t\t\t\t\t\t\t<\/div>\n\t\t\t\t<\/div>\n\t\t\t\t<\/div>\n\t\t\t\t\t<\/div>\n\t\t\t\t<\/div>\n\t\t<div class=\"elementor-element elementor-element-a9a367f e-flex e-con-boxed e-con e-parent\" data-id=\"a9a367f\" data-element_type=\"container\" data-settings=\"{&quot;background_background&quot;:&quot;classic&quot;}\">\n\t\t\t\t\t<div class=\"e-con-inner\">\n\t\t<div class=\"elementor-element elementor-element-b756e44 e-con-full e-flex e-con e-child\" data-id=\"b756e44\" data-element_type=\"container\">\n\t\t\t\t<div class=\"elementor-element elementor-element-ce5235a elementor-widget elementor-widget-heading\" data-id=\"ce5235a\" data-element_type=\"widget\" data-widget_type=\"heading.default\">\n\t\t\t\t<div class=\"elementor-widget-container\">\n\t\t\t\t\t<h2 class=\"elementor-heading-title elementor-size-default\">Umfassende Berichterstattung<\/h2>\t\t\t\t<\/div>\n\t\t\t\t<\/div>\n\t\t\t\t<div class=\"elementor-element elementor-element-9adb93c elementor-widget elementor-widget-text-editor\" data-id=\"9adb93c\" data-element_type=\"widget\" data-widget_type=\"text-editor.default\">\n\t\t\t\t<div class=\"elementor-widget-container\">\n\t\t\t\t\t\t\t\t\t<p>Wir stellen eine detaillierte Berichterstattung \u00fcber die Energieleistung zur Verf\u00fcgung, sodass \u00f6ffentliche Verwaltungen ihren Verbrauch und ihre Kosten transparent und pr\u00e4zise nachverfolgen k\u00f6nnen.<\/p><p>Dadurch kann die Energienutzung \u00fcberwacht und optimiert werden und erm\u00f6glicht den \u00f6ffentlichen Verwaltungen fundierte, strategische Entscheidungen zu treffen, die auf ihre spezifischen Bed\u00fcrfnisse abgestimmt sind.<\/p>\t\t\t\t\t\t\t\t<\/div>\n\t\t\t\t<\/div>\n\t\t\t\t<\/div>\n\t\t<div class=\"elementor-element elementor-element-1091788 e-con-full e-flex e-con e-child\" data-id=\"1091788\" data-element_type=\"container\">\n\t\t\t\t<div class=\"elementor-element elementor-element-e42dd0d elementor-widget elementor-widget-image\" data-id=\"e42dd0d\" data-element_type=\"widget\" data-widget_type=\"image.default\">\n\t\t\t\t<div class=\"elementor-widget-container\">\n\t\t\t\t\t\t\t\t\t\t\t\t\t\t\t<img loading=\"lazy\" decoding=\"async\" width=\"800\" height=\"534\" src=\"https:\/\/www.alperia.eu\/wp-content\/uploads\/2024\/05\/numero-verde-rendicontazione-1024x683.jpg\" class=\"attachment-large size-large wp-image-5144\" alt=\"ein Baum vor einem hohen Geb\u00e4ude\" srcset=\"https:\/\/www.alperia.eu\/wp-content\/uploads\/2024\/05\/numero-verde-rendicontazione-1024x683.jpg 1024w, https:\/\/www.alperia.eu\/wp-content\/uploads\/2024\/05\/numero-verde-rendicontazione-300x200.jpg 300w, https:\/\/www.alperia.eu\/wp-content\/uploads\/2024\/05\/numero-verde-rendicontazione-768x512.jpg 768w, https:\/\/www.alperia.eu\/wp-content\/uploads\/2024\/05\/numero-verde-rendicontazione.jpg 1200w\" sizes=\"(max-width: 800px) 100vw, 800px\" \/>\t\t\t\t\t\t\t\t\t\t\t\t\t\t\t<\/div>\n\t\t\t\t<\/div>\n\t\t\t\t<\/div>\n\t\t\t\t\t<\/div>\n\t\t\t\t<\/div>\n\t\t\t\t<\/div>\n\t\t","protected":false},"excerpt":{"rendered":"<p>Energie f\u00fcr die \u00f6ffentliche Verwaltung Wir unterst\u00fctzten die \u00f6ffentliche Verwaltung dabei, ihre Ziele betreffend Energieeffizienz und \u00f6kologische Nachhaltigkeit zu erreichen. Die Energiezukunft der \u00f6ffentlichen Verwaltung Ma\u00dfgeschneiderte Dienstleistungen f\u00fcr die \u00f6ffentliche Verwaltung Wir bieten ein breites Spektrum an Dienstleistungen, die speziell auf die Bed\u00fcrfnisse der \u00f6ffentlichen Verwaltungen zugeschnitten sind. \u00dcber das eigens daf\u00fcr vorgesehene Portal erhalten [&hellip;]<\/p>\n","protected":false},"author":1,"featured_media":0,"parent":0,"menu_order":0,"comment_status":"closed","ping_status":"closed","template":"","meta":{"_acf_changed":false,"footnotes":""},"class_list":["post-6767","page","type-page","status-publish","hentry"],"acf":[],"_links":{"self":[{"href":"https:\/\/www.alperia.eu\/de\/wp-json\/wp\/v2\/pages\/6767","targetHints":{"allow":["GET"]}}],"collection":[{"href":"https:\/\/www.alperia.eu\/de\/wp-json\/wp\/v2\/pages"}],"about":[{"href":"https:\/\/www.alperia.eu\/de\/wp-json\/wp\/v2\/types\/page"}],"author":[{"embeddable":true,"href":"https:\/\/www.alperia.eu\/de\/wp-json\/wp\/v2\/users\/1"}],"replies":[{"embeddable":true,"href":"https:\/\/www.alperia.eu\/de\/wp-json\/wp\/v2\/comments?post=6767"}],"version-history":[{"count":47,"href":"https:\/\/www.alperia.eu\/de\/wp-json\/wp\/v2\/pages\/6767\/revisions"}],"predecessor-version":[{"id":37812,"href":"https:\/\/www.alperia.eu\/de\/wp-json\/wp\/v2\/pages\/6767\/revisions\/37812"}],"wp:attachment":[{"href":"https:\/\/www.alperia.eu\/de\/wp-json\/wp\/v2\/media?parent=6767"}],"curies":[{"name":"wp","href":"https:\/\/api.w.org\/{rel}","templated":true}]}}