{"id":7132,"date":"2024-01-19T11:31:36","date_gmt":"2024-01-19T10:31:36","guid":{"rendered":"https:\/\/www.alperia.eu\/assistenza\/"},"modified":"2026-03-27T10:35:18","modified_gmt":"2026-03-27T09:35:18","slug":"support","status":"publish","type":"page","link":"https:\/\/www.alperia.eu\/de\/kontakt\/","title":{"rendered":"Kontakt"},"content":{"rendered":"\t\t<div data-elementor-type=\"wp-page\" data-elementor-id=\"7132\" class=\"elementor elementor-7132 elementor-664\" data-elementor-post-type=\"page\">\n\t\t\t\t<div class=\"elementor-element elementor-element-52a552e e-flex e-con-boxed e-con e-parent\" data-id=\"52a552e\" data-element_type=\"container\">\n\t\t\t\t\t<div class=\"e-con-inner\">\n\t\t\t\t<div class=\"elementor-element elementor-element-1ecafac elementor-widget elementor-widget-heading\" data-id=\"1ecafac\" data-element_type=\"widget\" data-widget_type=\"heading.default\">\n\t\t\t\t<div class=\"elementor-widget-container\">\n\t\t\t\t\t<h1 class=\"elementor-heading-title elementor-size-default\">Kontakt<\/h1>\t\t\t\t<\/div>\n\t\t\t\t<\/div>\n\t\t\t\t<div class=\"elementor-element elementor-element-b9b7b3c elementor-widget elementor-widget-heading\" data-id=\"b9b7b3c\" data-element_type=\"widget\" data-widget_type=\"heading.default\">\n\t\t\t\t<div class=\"elementor-widget-container\">\n\t\t\t\t\t<h2 class=\"elementor-heading-title elementor-size-default\">Entscheiden Sie, wie Sie mit uns in Kontakt treten m\u00f6chten<\/h2>\t\t\t\t<\/div>\n\t\t\t\t<\/div>\n\t\t\t\t<div class=\"elementor-element elementor-element-8ce187a elementor-widget elementor-widget-text-editor\" data-id=\"8ce187a\" data-element_type=\"widget\" data-widget_type=\"text-editor.default\">\n\t\t\t\t<div class=\"elementor-widget-container\">\n\t\t\t\t\t\t\t\t\t<p>Alperia steht Ihnen stets zur Seite! Folgende Kontaktkan\u00e4le gelten sowohl f\u00fcr Privatkunden als auch f\u00fcr Unternehmen.<\/p>\t\t\t\t\t\t\t\t<\/div>\n\t\t\t\t<\/div>\n\t\t\t\t<div class=\"elementor-element elementor-element-abdbf39 assistance-accordion outline-form elementor-widget elementor-widget-toggle\" data-id=\"abdbf39\" data-element_type=\"widget\" data-widget_type=\"toggle.default\">\n\t\t\t\t<div class=\"elementor-widget-container\">\n\t\t\t\t\t\t\t<div class=\"elementor-toggle\">\n\t\t\t\t\t\t\t<div class=\"elementor-toggle-item\">\n\t\t\t\t\t<div id=\"elementor-tab-title-1801\" class=\"elementor-tab-title\" data-tab=\"1\" role=\"button\" aria-controls=\"elementor-tab-content-1801\" aria-expanded=\"false\">\n\t\t\t\t\t\t\t\t\t\t\t\t<span class=\"elementor-toggle-icon elementor-toggle-icon-right\" aria-hidden=\"true\">\n\t\t\t\t\t\t\t\t\t\t\t\t\t\t\t<span class=\"elementor-toggle-icon-closed\"><svg xmlns=\"http:\/\/www.w3.org\/2000\/svg\" xmlns:xlink=\"http:\/\/www.w3.org\/1999\/xlink\" xmlns:serif=\"http:\/\/www.serif.com\/\" width=\"100%\" height=\"100%\" viewBox=\"0 0 352 193\" xml:space=\"preserve\" style=\"fill-rule:evenodd;clip-rule:evenodd;stroke-linejoin:round;stroke-miterlimit:2;\">    <g id=\"Right_Arrow_4_\" transform=\"matrix(6.12323e-17,1,-1,6.12323e-17,432,-159.999)\">        <path d=\"M176,432C171.908,432 167.812,430.436 164.688,427.312C158.436,421.06 158.436,410.936 164.688,404.688L313.376,256L164.688,107.312C158.436,101.06 158.436,90.936 164.688,84.688C170.94,78.44 181.064,78.436 187.312,84.688L347.312,244.688C353.564,250.94 353.564,261.064 347.312,267.312L187.312,427.312C184.188,430.436 180.092,432 176,432Z\" style=\"fill-rule:nonzero;\"><\/path>    <\/g><\/svg><\/span>\n\t\t\t\t\t\t\t\t<span class=\"elementor-toggle-icon-opened\"><svg xmlns=\"http:\/\/www.w3.org\/2000\/svg\" xmlns:xlink=\"http:\/\/www.w3.org\/1999\/xlink\" xmlns:serif=\"http:\/\/www.serif.com\/\" width=\"100%\" height=\"100%\" viewBox=\"0 0 352 193\" xml:space=\"preserve\" style=\"fill-rule:evenodd;clip-rule:evenodd;stroke-linejoin:round;stroke-miterlimit:2;\">    <g id=\"Right_Arrow_4_\" transform=\"matrix(6.12323e-17,-1,1,6.12323e-17,-80.0005,352.001)\">        <path d=\"M176,432C171.908,432 167.812,430.436 164.688,427.312C158.436,421.06 158.436,410.936 164.688,404.688L313.376,256L164.688,107.312C158.436,101.06 158.436,90.936 164.688,84.688C170.94,78.44 181.064,78.436 187.312,84.688L347.312,244.688C353.564,250.94 353.564,261.064 347.312,267.312L187.312,427.312C184.188,430.436 180.092,432 176,432Z\" style=\"fill-rule:nonzero;\"><\/path>    <\/g><\/svg><\/span>\n\t\t\t\t\t\t\t\t\t\t\t\t\t<\/span>\n\t\t\t\t\t\t\t\t\t\t\t\t<a class=\"elementor-toggle-title\" tabindex=\"0\"><img decoding=\"async\" src=\"https:\/\/www.alperia.eu\/wp-content\/uploads\/2024\/01\/icon-phone.svg\">Rufen Sie uns an<\/a>\n\t\t\t\t\t<\/div>\n\n\t\t\t\t\t<div id=\"elementor-tab-content-1801\" class=\"elementor-tab-content elementor-clearfix\" data-tab=\"1\" role=\"region\" aria-labelledby=\"elementor-tab-title-1801\"><p>\t\t<div data-elementor-type=\"section\" data-elementor-id=\"7199\" class=\"elementor elementor-7199 elementor-669\" data-elementor-post-type=\"elementor_library\">\n\t\t\t<div class=\"elementor-element elementor-element-61770e7 e-con-full e-flex e-con e-parent\" data-id=\"61770e7\" data-element_type=\"container\" data-settings=\"{&quot;background_background&quot;:&quot;classic&quot;}\">\n\t\t<div class=\"elementor-element elementor-element-5bb0ba4 e-con-full e-flex e-con e-child\" data-id=\"5bb0ba4\" data-element_type=\"container\" data-settings=\"{&quot;background_background&quot;:&quot;classic&quot;}\">\n\t\t\t\t<div class=\"elementor-element elementor-element-5d2eb3a elementor-widget elementor-widget-heading\" data-id=\"5d2eb3a\" data-element_type=\"widget\" data-widget_type=\"heading.default\">\n\t\t\t\t<div class=\"elementor-widget-container\">\n\t\t\t\t\t<h3 class=\"elementor-heading-title elementor-size-default\">Alperia Kunden<\/h3>\t\t\t\t<\/div>\n\t\t\t\t<\/div>\n\t\t\t\t<div class=\"elementor-element elementor-element-f8696cb elementor-widget elementor-widget-heading\" data-id=\"f8696cb\" data-element_type=\"widget\" data-widget_type=\"heading.default\">\n\t\t\t\t<div class=\"elementor-widget-container\">\n\t\t\t\t\t<div class=\"elementor-heading-title elementor-size-default\">Gr\u00fcne Nummer <\/div>\t\t\t\t<\/div>\n\t\t\t\t<\/div>\n\t\t\t\t<div class=\"elementor-element elementor-element-6cc15ae elementor-widget elementor-widget-heading\" data-id=\"6cc15ae\" data-element_type=\"widget\" data-widget_type=\"heading.default\">\n\t\t\t\t<div class=\"elementor-widget-container\">\n\t\t\t\t\t<h2 class=\"elementor-heading-title elementor-size-default\"><a href=\"tel:800110055\">800 110 055<\/a><\/h2>\t\t\t\t<\/div>\n\t\t\t\t<\/div>\n\t\t\t\t<div class=\"elementor-element elementor-element-61df2a5 elementor-widget elementor-widget-text-editor\" data-id=\"61df2a5\" data-element_type=\"widget\" data-widget_type=\"text-editor.default\">\n\t\t\t\t<div class=\"elementor-widget-container\">\n\t\t\t\t\t\t\t\t\t<p>Aktiv: von Mo bis Fr 8.30 &#8211; 17.00<\/p>\t\t\t\t\t\t\t\t<\/div>\n\t\t\t\t<\/div>\n\t\t\t\t<\/div>\n\t\t<div class=\"elementor-element elementor-element-d99650b e-con-full e-flex e-con e-child\" data-id=\"d99650b\" data-element_type=\"container\" data-settings=\"{&quot;background_background&quot;:&quot;classic&quot;}\">\n\t\t\t\t<div class=\"elementor-element elementor-element-202acc3 elementor-widget elementor-widget-heading\" data-id=\"202acc3\" data-element_type=\"widget\" data-widget_type=\"heading.default\">\n\t\t\t\t<div class=\"elementor-widget-container\">\n\t\t\t\t\t<h3 class=\"elementor-heading-title elementor-size-default\">FERNW\u00c4RME<\/h3>\t\t\t\t<\/div>\n\t\t\t\t<\/div>\n\t\t\t\t<div class=\"elementor-element elementor-element-836dd6f elementor-widget elementor-widget-heading\" data-id=\"836dd6f\" data-element_type=\"widget\" data-widget_type=\"heading.default\">\n\t\t\t\t<div class=\"elementor-widget-container\">\n\t\t\t\t\t<div class=\"elementor-heading-title elementor-size-default\">Gr\u00fcne Nummer <\/div>\t\t\t\t<\/div>\n\t\t\t\t<\/div>\n\t\t\t\t<div class=\"elementor-element elementor-element-0f2cf59 elementor-widget elementor-widget-heading\" data-id=\"0f2cf59\" data-element_type=\"widget\" data-widget_type=\"heading.default\">\n\t\t\t\t<div class=\"elementor-widget-container\">\n\t\t\t\t\t<div class=\"elementor-heading-title elementor-size-default\"><a href=\"tel:800116800\">800 225 420<\/a><\/div>\t\t\t\t<\/div>\n\t\t\t\t<\/div>\n\t\t\t\t<div class=\"elementor-element elementor-element-73bca43 elementor-widget elementor-widget-text-editor\" data-id=\"73bca43\" data-element_type=\"widget\" data-widget_type=\"text-editor.default\">\n\t\t\t\t<div class=\"elementor-widget-container\">\n\t\t\t\t\t\t\t\t\t<p>Aktiv: von Mo bis Fr 8.30 &#8211; 12.00<\/p>\t\t\t\t\t\t\t\t<\/div>\n\t\t\t\t<\/div>\n\t\t\t\t<div class=\"elementor-element elementor-element-4c18ac5 elementor-widget elementor-widget-heading\" data-id=\"4c18ac5\" data-element_type=\"widget\" data-widget_type=\"heading.default\">\n\t\t\t\t<div class=\"elementor-widget-container\">\n\t\t\t\t\t<div class=\"elementor-heading-title elementor-size-default\">St\u00f6rungsnotdienst<\/div>\t\t\t\t<\/div>\n\t\t\t\t<\/div>\n\t\t\t\t<div class=\"elementor-element elementor-element-ca3cb63 elementor-widget elementor-widget-heading\" data-id=\"ca3cb63\" data-element_type=\"widget\" data-widget_type=\"heading.default\">\n\t\t\t\t<div class=\"elementor-widget-container\">\n\t\t\t\t\t<div class=\"elementor-heading-title elementor-size-default\"><a href=\"tel:800816800\">800 816 800<\/a><\/div>\t\t\t\t<\/div>\n\t\t\t\t<\/div>\n\t\t\t\t<div class=\"elementor-element elementor-element-36b0234 elementor-widget elementor-widget-text-editor\" data-id=\"36b0234\" data-element_type=\"widget\" data-widget_type=\"text-editor.default\">\n\t\t\t\t<div class=\"elementor-widget-container\">\n\t\t\t\t\t\t\t\t\t<p>Aktiv: von Mo bis So 24 Stunden<\/p>\t\t\t\t\t\t\t\t<\/div>\n\t\t\t\t<\/div>\n\t\t\t\t<\/div>\n\t\t\t\t<\/div>\n\t\t\t\t<\/div>\n\t\t<\/p><\/div>\n\t\t\t\t<\/div>\n\t\t\t\t\t\t\t\t<\/div>\n\t\t\t\t\t\t<\/div>\n\t\t\t\t<\/div>\n\t\t\t\t<div class=\"elementor-element elementor-element-bfa6a68 elementor-align-left ticket-cta elementor-icon-list--layout-traditional elementor-list-item-link-full_width elementor-widget elementor-widget-icon-list\" data-id=\"bfa6a68\" data-element_type=\"widget\" data-widget_type=\"icon-list.default\">\n\t\t\t\t<div class=\"elementor-widget-container\">\n\t\t\t\t\t\t\t<ul class=\"elementor-icon-list-items\">\n\t\t\t\t\t\t\t<li class=\"elementor-icon-list-item\">\n\t\t\t\t\t\t\t\t\t\t\t<a href=\"https:\/\/request.customerservice.alperia.eu\/requests?lang=de\" target=\"_blank\" rel=\"noopener\">\n\n\t\t\t\t\t\t\t\t\t\t\t\t<span class=\"elementor-icon-list-icon\">\n\t\t\t\t\t\t\t<svg xmlns=\"http:\/\/www.w3.org\/2000\/svg\" xmlns:xlink=\"http:\/\/www.w3.org\/1999\/xlink\" xmlns:serif=\"http:\/\/www.serif.com\/\" width=\"100%\" height=\"100%\" viewBox=\"0 0 24 17\" xml:space=\"preserve\" style=\"fill-rule:evenodd;clip-rule:evenodd;stroke-linejoin:round;stroke-miterlimit:2;\">    <g id=\"_1_Desktop\" serif:id=\"1_Desktop\">        <g id=\"_5.18_calcolatore\" serif:id=\"5.18_calcolatore\">            <g id=\"Group-21\">                <g id=\"icon-mail\" serif:id=\"icon\/mail\">                    <path id=\"Fill-1\" d=\"M15.07,9.607L21.781,15.831C21.701,15.849 21.62,15.867 21.533,15.867L2.267,15.867C2.18,15.867 2.099,15.849 2.019,15.831L8.721,9.615L10.297,11.209C11.172,12.095 12.61,12.094 13.485,11.209L15.07,9.607ZM22.622,1.983C22.645,2.075 22.666,2.167 22.666,2.267L22.666,14.733C22.666,14.849 22.644,14.956 22.613,15.061L15.876,8.801L22.622,1.983ZM1.178,1.983L7.924,8.81L1.186,15.061C1.156,14.956 1.133,14.849 1.133,14.733L1.133,2.267C1.133,2.167 1.155,2.075 1.178,1.983ZM2.267,1.133L21.533,1.133C21.64,1.133 21.737,1.151 21.834,1.178L12.679,10.413C12.233,10.863 11.548,10.863 11.103,10.413L1.974,1.169C2.068,1.144 2.164,1.133 2.267,1.133ZM2.267,0C1.021,0 -0,1.021 -0,2.267L-0,14.733C-0,15.979 1.021,17 2.267,17L21.533,17C22.779,17 23.8,15.979 23.8,14.733L23.8,2.267C23.8,1.021 22.779,0 21.533,0L2.267,0Z\" style=\"fill:white;\"><\/path>                <\/g>            <\/g>        <\/g>    <\/g><\/svg>\t\t\t\t\t\t<\/span>\n\t\t\t\t\t\t\t\t\t\t<span class=\"elementor-icon-list-text\">Schreiben Sie uns<\/span>\n\t\t\t\t\t\t\t\t\t\t\t<\/a>\n\t\t\t\t\t\t\t\t\t<\/li>\n\t\t\t\t\t\t<\/ul>\n\t\t\t\t\t\t<\/div>\n\t\t\t\t<\/div>\n\t\t\t\t<div class=\"elementor-element elementor-element-6e6c59a elementor-align-left ticket-cta elementor-icon-list--layout-traditional elementor-list-item-link-full_width elementor-widget elementor-widget-icon-list\" data-id=\"6e6c59a\" data-element_type=\"widget\" data-widget_type=\"icon-list.default\">\n\t\t\t\t<div class=\"elementor-widget-container\">\n\t\t\t\t\t\t\t<ul class=\"elementor-icon-list-items\">\n\t\t\t\t\t\t\t<li class=\"elementor-icon-list-item\">\n\t\t\t\t\t\t\t\t\t\t\t<a href=\"https:\/\/www.alperia.eu\/de\/unsere-energy-points\/\">\n\n\t\t\t\t\t\t\t\t\t\t\t\t<span class=\"elementor-icon-list-icon\">\n\t\t\t\t\t\t\t<svg aria-hidden=\"true\" class=\"e-font-icon-svg e-fas-store-alt\" viewBox=\"0 0 640 512\" xmlns=\"http:\/\/www.w3.org\/2000\/svg\"><path d=\"M320 384H128V224H64v256c0 17.7 14.3 32 32 32h256c17.7 0 32-14.3 32-32V224h-64v160zm314.6-241.8l-85.3-128c-6-8.9-16-14.2-26.7-14.2H117.4c-10.7 0-20.7 5.3-26.6 14.2l-85.3 128c-14.2 21.3 1 49.8 26.6 49.8H608c25.5 0 40.7-28.5 26.6-49.8zM512 496c0 8.8 7.2 16 16 16h32c8.8 0 16-7.2 16-16V224h-64v272z\"><\/path><\/svg>\t\t\t\t\t\t<\/span>\n\t\t\t\t\t\t\t\t\t\t<span class=\"elementor-icon-list-text\">Kommen Sie vorbei<\/span>\n\t\t\t\t\t\t\t\t\t\t\t<\/a>\n\t\t\t\t\t\t\t\t\t<\/li>\n\t\t\t\t\t\t<\/ul>\n\t\t\t\t\t\t<\/div>\n\t\t\t\t<\/div>\n\t\t\t\t<div class=\"elementor-element elementor-element-b0f21d0 assistance-accordion outline-form elementor-widget elementor-widget-toggle\" data-id=\"b0f21d0\" data-element_type=\"widget\" data-widget_type=\"toggle.default\">\n\t\t\t\t<div class=\"elementor-widget-container\">\n\t\t\t\t\t\t\t<div class=\"elementor-toggle\">\n\t\t\t\t\t\t\t<div class=\"elementor-toggle-item\">\n\t\t\t\t\t<div id=\"elementor-tab-title-1851\" class=\"elementor-tab-title\" data-tab=\"1\" role=\"button\" aria-controls=\"elementor-tab-content-1851\" aria-expanded=\"false\">\n\t\t\t\t\t\t\t\t\t\t\t\t<span class=\"elementor-toggle-icon elementor-toggle-icon-right\" aria-hidden=\"true\">\n\t\t\t\t\t\t\t\t\t\t\t\t\t\t\t<span class=\"elementor-toggle-icon-closed\"><svg xmlns=\"http:\/\/www.w3.org\/2000\/svg\" xmlns:xlink=\"http:\/\/www.w3.org\/1999\/xlink\" xmlns:serif=\"http:\/\/www.serif.com\/\" width=\"100%\" height=\"100%\" viewBox=\"0 0 352 193\" xml:space=\"preserve\" style=\"fill-rule:evenodd;clip-rule:evenodd;stroke-linejoin:round;stroke-miterlimit:2;\">    <g id=\"Right_Arrow_4_\" transform=\"matrix(6.12323e-17,1,-1,6.12323e-17,432,-159.999)\">        <path d=\"M176,432C171.908,432 167.812,430.436 164.688,427.312C158.436,421.06 158.436,410.936 164.688,404.688L313.376,256L164.688,107.312C158.436,101.06 158.436,90.936 164.688,84.688C170.94,78.44 181.064,78.436 187.312,84.688L347.312,244.688C353.564,250.94 353.564,261.064 347.312,267.312L187.312,427.312C184.188,430.436 180.092,432 176,432Z\" style=\"fill-rule:nonzero;\"><\/path>    <\/g><\/svg><\/span>\n\t\t\t\t\t\t\t\t<span class=\"elementor-toggle-icon-opened\"><svg xmlns=\"http:\/\/www.w3.org\/2000\/svg\" xmlns:xlink=\"http:\/\/www.w3.org\/1999\/xlink\" xmlns:serif=\"http:\/\/www.serif.com\/\" width=\"100%\" height=\"100%\" viewBox=\"0 0 352 193\" xml:space=\"preserve\" style=\"fill-rule:evenodd;clip-rule:evenodd;stroke-linejoin:round;stroke-miterlimit:2;\">    <g id=\"Right_Arrow_4_\" transform=\"matrix(6.12323e-17,-1,1,6.12323e-17,-80.0005,352.001)\">        <path d=\"M176,432C171.908,432 167.812,430.436 164.688,427.312C158.436,421.06 158.436,410.936 164.688,404.688L313.376,256L164.688,107.312C158.436,101.06 158.436,90.936 164.688,84.688C170.94,78.44 181.064,78.436 187.312,84.688L347.312,244.688C353.564,250.94 353.564,261.064 347.312,267.312L187.312,427.312C184.188,430.436 180.092,432 176,432Z\" style=\"fill-rule:nonzero;\"><\/path>    <\/g><\/svg><\/span>\n\t\t\t\t\t\t\t\t\t\t\t\t\t<\/span>\n\t\t\t\t\t\t\t\t\t\t\t\t<a class=\"elementor-toggle-title\" tabindex=\"0\"><img decoding=\"async\" src=\"https:\/\/www.alperia.eu\/wp-content\/uploads\/2025\/12\/Reclamo-1-WHITE.svg\">Beschwerden<\/a>\n\t\t\t\t\t<\/div>\n\n\t\t\t\t\t<div id=\"elementor-tab-content-1851\" class=\"elementor-tab-content elementor-clearfix\" data-tab=\"1\" role=\"region\" aria-labelledby=\"elementor-tab-title-1851\"><p>\t\t<div data-elementor-type=\"section\" data-elementor-id=\"39559\" class=\"elementor elementor-39559 elementor-39549\" data-elementor-post-type=\"elementor_library\">\n\t\t\t<div class=\"elementor-element elementor-element-7973fa48 e-con-full e-flex e-con e-parent\" data-id=\"7973fa48\" data-element_type=\"container\" data-settings=\"{&quot;background_background&quot;:&quot;classic&quot;}\">\n\t\t<div class=\"elementor-element elementor-element-2355685c e-con-full e-flex e-con e-child\" data-id=\"2355685c\" data-element_type=\"container\" data-settings=\"{&quot;background_background&quot;:&quot;classic&quot;}\">\n\t\t\t\t<div class=\"elementor-element elementor-element-74470d35 elementor-widget elementor-widget-heading\" data-id=\"74470d35\" data-element_type=\"widget\" data-widget_type=\"heading.default\">\n\t\t\t\t<div class=\"elementor-widget-container\">\n\t\t\t\t\t<h3 class=\"elementor-heading-title elementor-size-default\">Alperia Kunden<\/h3>\t\t\t\t<\/div>\n\t\t\t\t<\/div>\n\t\t\t\t<div class=\"elementor-element elementor-element-5abd8171 elementor-align-center elem-full-btn elementor-widget elementor-widget-button\" data-id=\"5abd8171\" data-element_type=\"widget\" data-widget_type=\"button.default\">\n\t\t\t\t<div class=\"elementor-widget-container\">\n\t\t\t\t\t\t\t\t\t<div class=\"elementor-button-wrapper\">\n\t\t\t\t\t<a class=\"elementor-button elementor-button-link elementor-size-sm\" href=\"https:\/\/www.alperia.eu\/wp-content\/uploads\/2025\/12\/E_P-0088-D-1225-BESCHWERDEVORDRUCK-RETAIL.pdf\" target=\"_blank\">\n\t\t\t\t\t\t<span class=\"elementor-button-content-wrapper\">\n\t\t\t\t\t\t<span class=\"elementor-button-icon\">\n\t\t\t\t<svg aria-hidden=\"true\" class=\"e-font-icon-svg e-far-arrow-alt-circle-down\" viewBox=\"0 0 512 512\" xmlns=\"http:\/\/www.w3.org\/2000\/svg\"><path d=\"M256 8C119 8 8 119 8 256s111 248 248 248 248-111 248-248S393 8 256 8zm0 448c-110.5 0-200-89.5-200-200S145.5 56 256 56s200 89.5 200 200-89.5 200-200 200zm-32-316v116h-67c-10.7 0-16 12.9-8.5 20.5l99 99c4.7 4.7 12.3 4.7 17 0l99-99c7.6-7.6 2.2-20.5-8.5-20.5h-67V140c0-6.6-5.4-12-12-12h-40c-6.6 0-12 5.4-12 12z\"><\/path><\/svg>\t\t\t<\/span>\n\t\t\t\t\t\t\t\t\t<span class=\"elementor-button-text\">Beschwerdevordruck<\/span>\n\t\t\t\t\t<\/span>\n\t\t\t\t\t<\/a>\n\t\t\t\t<\/div>\n\t\t\t\t\t\t\t\t<\/div>\n\t\t\t\t<\/div>\n\t\t\t\t<\/div>\n\t\t\t\t<\/div>\n\t\t\t\t<\/div>\n\t\t<\/p><\/div>\n\t\t\t\t<\/div>\n\t\t\t\t\t\t\t\t<\/div>\n\t\t\t\t\t\t<\/div>\n\t\t\t\t<\/div>\n\t\t\t\t\t<\/div>\n\t\t\t\t<\/div>\n\t\t\t\t<\/div>\n\t\t","protected":false},"excerpt":{"rendered":"<p>Kontakt Entscheiden Sie, wie Sie mit uns in Kontakt treten m\u00f6chten Alperia steht Ihnen stets zur Seite! Folgende Kontaktkan\u00e4le gelten sowohl f\u00fcr Privatkunden als auch f\u00fcr Unternehmen. Rufen Sie uns an Alperia Kunden Gr\u00fcne Nummer 800 110 055 Aktiv: von Mo bis Fr 8.30 &#8211; 17.00 FERNW\u00c4RME Gr\u00fcne Nummer 800 225 420 Aktiv: von Mo [&hellip;]<\/p>\n","protected":false},"author":1,"featured_media":30370,"parent":0,"menu_order":0,"comment_status":"closed","ping_status":"closed","template":"","meta":{"_acf_changed":false,"footnotes":""},"class_list":["post-7132","page","type-page","status-publish","has-post-thumbnail","hentry"],"acf":[],"_links":{"self":[{"href":"https:\/\/www.alperia.eu\/de\/wp-json\/wp\/v2\/pages\/7132","targetHints":{"allow":["GET"]}}],"collection":[{"href":"https:\/\/www.alperia.eu\/de\/wp-json\/wp\/v2\/pages"}],"about":[{"href":"https:\/\/www.alperia.eu\/de\/wp-json\/wp\/v2\/types\/page"}],"author":[{"embeddable":true,"href":"https:\/\/www.alperia.eu\/de\/wp-json\/wp\/v2\/users\/1"}],"replies":[{"embeddable":true,"href":"https:\/\/www.alperia.eu\/de\/wp-json\/wp\/v2\/comments?post=7132"}],"version-history":[{"count":55,"href":"https:\/\/www.alperia.eu\/de\/wp-json\/wp\/v2\/pages\/7132\/revisions"}],"predecessor-version":[{"id":43182,"href":"https:\/\/www.alperia.eu\/de\/wp-json\/wp\/v2\/pages\/7132\/revisions\/43182"}],"wp:featuredmedia":[{"embeddable":true,"href":"https:\/\/www.alperia.eu\/de\/wp-json\/wp\/v2\/media\/30370"}],"wp:attachment":[{"href":"https:\/\/www.alperia.eu\/de\/wp-json\/wp\/v2\/media?parent=7132"}],"curies":[{"name":"wp","href":"https:\/\/api.w.org\/{rel}","templated":true}]}}